{"id":6982,"date":"2024-03-27T13:33:55","date_gmt":"2024-03-27T16:33:55","guid":{"rendered":"https:\/\/institutoargonauta.org\/new\/?page_id=6982"},"modified":"2024-04-25T09:43:02","modified_gmt":"2024-04-25T12:43:02","slug":"parceiros","status":"publish","type":"page","link":"https:\/\/institutoargonauta.org\/new\/parceiros\/","title":{"rendered":"Parceiros"},"content":{"rendered":"\n<p>Para realiza\u00e7\u00e3o de suas a\u00e7\u00f5es o Instituto Argonauta conta com a parceria formal do Aqu\u00e1rio de Ubatuba, Prefeitura Municipal de Ubatuba e Prefeitura Municipal de S\u00e3o Sebasti\u00e3o, al\u00e9m do apoio de diversas institui\u00e7\u00f5es do primeiro, segundo e terceiro setor como: IBAMA, ICMBio, Funda\u00e7\u00e3o Florestal, Prefeitura Municipal de Ilhabela, Embalixo, Ekomat Yoga, Tamoio de Ubatuba, Projeto Tamar, Cooperativa Educacional de Ubatuba, escolas e universidades p\u00fablicas e privadas, entre outras.<\/p>\n\n\n\n<p>&nbsp;A colabora\u00e7\u00e3o desses parceiros fortalece a capacidade do Instituto de proteger os oceanos e a vida marinha, transformando desafios em oportunidades e construindo um futuro marinho mais saud\u00e1vel e sustent\u00e1vel para as gera\u00e7\u00f5es presentes e futuras.<\/p>\n\n\n\n<p><\/p>\n\n\n\n<figure class=\"wp-block-gallery has-nested-images columns-default is-cropped wp-block-gallery-1 is-layout-flex wp-block-gallery-is-layout-flex\">\n<figure class=\"wp-block-image size-medium\"><a href=\"https:\/\/www.saosebastiao.sp.gov.br\/\" target=\"_blank\" rel=\"noreferrer noopener\"><img loading=\"lazy\" decoding=\"async\" width=\"300\" height=\"222\" data-id=\"6433\" src=\"https:\/\/institutoargonauta.org\/new\/wp-content\/uploads\/2022\/10\/SAOSEB-1-300x222.png\" alt=\"\" class=\"wp-image-6433\" srcset=\"https:\/\/institutoargonauta.org\/new\/wp-content\/uploads\/2022\/10\/SAOSEB-1-300x222.png 300w, https:\/\/institutoargonauta.org\/new\/wp-content\/uploads\/2022\/10\/SAOSEB-1.png 741w\" sizes=\"auto, (max-width: 300px) 100vw, 300px\" \/><\/a><\/figure>\n\n\n\n<figure class=\"wp-block-image size-medium\"><a href=\"https:\/\/ubatuba.sp.gov.br\" target=\"_blank\" rel=\"noreferrer noopener\"><img loading=\"lazy\" decoding=\"async\" width=\"300\" height=\"222\" data-id=\"6435\" src=\"https:\/\/institutoargonauta.org\/new\/wp-content\/uploads\/2022\/10\/UBATUBA-2-300x222.png\" alt=\"\" class=\"wp-image-6435\" srcset=\"https:\/\/institutoargonauta.org\/new\/wp-content\/uploads\/2022\/10\/UBATUBA-2-300x222.png 300w, https:\/\/institutoargonauta.org\/new\/wp-content\/uploads\/2022\/10\/UBATUBA-2.png 741w\" sizes=\"auto, (max-width: 300px) 100vw, 300px\" \/><\/a><\/figure>\n\n\n\n<figure class=\"wp-block-image size-medium\"><img loading=\"lazy\" decoding=\"async\" width=\"300\" height=\"226\" data-id=\"6497\" src=\"https:\/\/institutoargonauta.org\/new\/wp-content\/uploads\/2022\/10\/Logo-aquario-azul-escuro_vetor-2-300x226.png\" alt=\"\" class=\"wp-image-6497\" srcset=\"https:\/\/institutoargonauta.org\/new\/wp-content\/uploads\/2022\/10\/Logo-aquario-azul-escuro_vetor-2-300x226.png 300w, https:\/\/institutoargonauta.org\/new\/wp-content\/uploads\/2022\/10\/Logo-aquario-azul-escuro_vetor-2-1024x772.png 1024w, https:\/\/institutoargonauta.org\/new\/wp-content\/uploads\/2022\/10\/Logo-aquario-azul-escuro_vetor-2-768x579.png 768w, https:\/\/institutoargonauta.org\/new\/wp-content\/uploads\/2022\/10\/Logo-aquario-azul-escuro_vetor-2-1536x1159.png 1536w, https:\/\/institutoargonauta.org\/new\/wp-content\/uploads\/2022\/10\/Logo-aquario-azul-escuro_vetor-2.png 1600w\" sizes=\"auto, (max-width: 300px) 100vw, 300px\" \/><\/figure>\n<\/figure>\n","protected":false},"excerpt":{"rendered":"<p>Para realiza\u00e7\u00e3o de suas a\u00e7\u00f5es o Instituto Argonauta conta com a parceria formal do Aqu\u00e1rio de Ubatuba, Prefeitura Municipal de &#8230;<\/p>\n","protected":false},"author":1,"featured_media":0,"parent":0,"menu_order":0,"comment_status":"closed","ping_status":"closed","template":"","meta":{"_acf_changed":false,"footnotes":""},"class_list":["post-6982","page","type-page","status-publish","hentry"],"acf":[],"yoast_head":"<!-- This site is optimized with the Yoast SEO plugin v22.8 - https:\/\/yoast.com\/wordpress\/plugins\/seo\/ -->\n<title>Parceiros - Instituto Argonauta<\/title>\n<meta name=\"robots\" content=\"index, follow, max-snippet:-1, max-image-preview:large, max-video-preview:-1\" \/>\n<link rel=\"canonical\" href=\"https:\/\/institutoargonauta.org\/new\/parceiros\/\" \/>\n<meta property=\"og:locale\" content=\"pt_BR\" \/>\n<meta property=\"og:type\" content=\"article\" \/>\n<meta property=\"og:title\" content=\"Parceiros - Instituto Argonauta\" \/>\n<meta property=\"og:description\" content=\"Para realiza\u00e7\u00e3o de suas a\u00e7\u00f5es o Instituto Argonauta conta com a parceria formal do Aqu\u00e1rio de Ubatuba, Prefeitura Municipal de ...\" \/>\n<meta property=\"og:url\" content=\"https:\/\/institutoargonauta.org\/new\/parceiros\/\" \/>\n<meta property=\"og:site_name\" content=\"Instituto Argonauta\" \/>\n<meta property=\"article:publisher\" content=\"https:\/\/facebook.com\/InstitutoArgonauta\" \/>\n<meta property=\"article:modified_time\" content=\"2024-04-25T12:43:02+00:00\" \/>\n<meta property=\"og:image\" content=\"https:\/\/institutoargonauta.org\/new\/wp-content\/uploads\/2022\/10\/SAOSEB-1-300x222.png\" \/>\n<meta name=\"twitter:card\" content=\"summary_large_image\" \/>\n<meta name=\"twitter:label1\" content=\"Est. tempo de leitura\" \/>\n\t<meta name=\"twitter:data1\" content=\"2 minutos\" \/>\n<script type=\"application\/ld+json\" class=\"yoast-schema-graph\">{\"@context\":\"https:\/\/schema.org\",\"@graph\":[{\"@type\":\"WebPage\",\"@id\":\"https:\/\/institutoargonauta.org\/new\/parceiros\/\",\"url\":\"https:\/\/institutoargonauta.org\/new\/parceiros\/\",\"name\":\"Parceiros - Instituto Argonauta\",\"isPartOf\":{\"@id\":\"https:\/\/institutoargonauta.org\/new\/#website\"},\"primaryImageOfPage\":{\"@id\":\"https:\/\/institutoargonauta.org\/new\/parceiros\/#primaryimage\"},\"image\":{\"@id\":\"https:\/\/institutoargonauta.org\/new\/parceiros\/#primaryimage\"},\"thumbnailUrl\":\"https:\/\/institutoargonauta.org\/new\/wp-content\/uploads\/2022\/10\/SAOSEB-1-300x222.png\",\"datePublished\":\"2024-03-27T16:33:55+00:00\",\"dateModified\":\"2024-04-25T12:43:02+00:00\",\"inLanguage\":\"pt-BR\",\"potentialAction\":[{\"@type\":\"ReadAction\",\"target\":[\"https:\/\/institutoargonauta.org\/new\/parceiros\/\"]}]},{\"@type\":\"ImageObject\",\"inLanguage\":\"pt-BR\",\"@id\":\"https:\/\/institutoargonauta.org\/new\/parceiros\/#primaryimage\",\"url\":\"https:\/\/institutoargonauta.org\/new\/wp-content\/uploads\/2022\/10\/SAOSEB-1.png\",\"contentUrl\":\"https:\/\/institutoargonauta.org\/new\/wp-content\/uploads\/2022\/10\/SAOSEB-1.png\",\"width\":741,\"height\":548},{\"@type\":\"WebSite\",\"@id\":\"https:\/\/institutoargonauta.org\/new\/#website\",\"url\":\"https:\/\/institutoargonauta.org\/new\/\",\"name\":\"Instituto Argonauta\",\"description\":\"Ubatuba-SP\",\"publisher\":{\"@id\":\"https:\/\/institutoargonauta.org\/new\/#organization\"},\"alternateName\":\"Argonauta\",\"potentialAction\":[{\"@type\":\"SearchAction\",\"target\":{\"@type\":\"EntryPoint\",\"urlTemplate\":\"https:\/\/institutoargonauta.org\/new\/?s={search_term_string}\"},\"query-input\":\"required name=search_term_string\"}],\"inLanguage\":\"pt-BR\"},{\"@type\":\"Organization\",\"@id\":\"https:\/\/institutoargonauta.org\/new\/#organization\",\"name\":\"Instituto Argonauta\",\"alternateName\":\"Argonauta\",\"url\":\"https:\/\/institutoargonauta.org\/new\/\",\"logo\":{\"@type\":\"ImageObject\",\"inLanguage\":\"pt-BR\",\"@id\":\"https:\/\/institutoargonauta.org\/new\/#\/schema\/logo\/image\/\",\"url\":\"https:\/\/institutoargonauta.org\/new\/wp-content\/uploads\/2023\/01\/logo-argonauta-OK2022-e1674472323190.png\",\"contentUrl\":\"https:\/\/institutoargonauta.org\/new\/wp-content\/uploads\/2023\/01\/logo-argonauta-OK2022-e1674472323190.png\",\"width\":250,\"height\":249,\"caption\":\"Instituto Argonauta\"},\"image\":{\"@id\":\"https:\/\/institutoargonauta.org\/new\/#\/schema\/logo\/image\/\"},\"sameAs\":[\"https:\/\/facebook.com\/InstitutoArgonauta\",\"https:\/\/instagram.com\/InstitutoArgonauta\",\"https:\/\/www.youtube.com\/c\/InstitutoArgonauta\"]}]}<\/script>\n<!-- \/ Yoast SEO plugin. -->","yoast_head_json":{"title":"Parceiros - Instituto Argonauta","robots":{"index":"index","follow":"follow","max-snippet":"max-snippet:-1","max-image-preview":"max-image-preview:large","max-video-preview":"max-video-preview:-1"},"canonical":"https:\/\/institutoargonauta.org\/new\/parceiros\/","og_locale":"pt_BR","og_type":"article","og_title":"Parceiros - Instituto Argonauta","og_description":"Para realiza\u00e7\u00e3o de suas a\u00e7\u00f5es o Instituto Argonauta conta com a parceria formal do Aqu\u00e1rio de Ubatuba, Prefeitura Municipal de ...","og_url":"https:\/\/institutoargonauta.org\/new\/parceiros\/","og_site_name":"Instituto Argonauta","article_publisher":"https:\/\/facebook.com\/InstitutoArgonauta","article_modified_time":"2024-04-25T12:43:02+00:00","og_image":[{"url":"https:\/\/institutoargonauta.org\/new\/wp-content\/uploads\/2022\/10\/SAOSEB-1-300x222.png"}],"twitter_card":"summary_large_image","twitter_misc":{"Est. tempo de leitura":"2 minutos"},"schema":{"@context":"https:\/\/schema.org","@graph":[{"@type":"WebPage","@id":"https:\/\/institutoargonauta.org\/new\/parceiros\/","url":"https:\/\/institutoargonauta.org\/new\/parceiros\/","name":"Parceiros - Instituto Argonauta","isPartOf":{"@id":"https:\/\/institutoargonauta.org\/new\/#website"},"primaryImageOfPage":{"@id":"https:\/\/institutoargonauta.org\/new\/parceiros\/#primaryimage"},"image":{"@id":"https:\/\/institutoargonauta.org\/new\/parceiros\/#primaryimage"},"thumbnailUrl":"https:\/\/institutoargonauta.org\/new\/wp-content\/uploads\/2022\/10\/SAOSEB-1-300x222.png","datePublished":"2024-03-27T16:33:55+00:00","dateModified":"2024-04-25T12:43:02+00:00","inLanguage":"pt-BR","potentialAction":[{"@type":"ReadAction","target":["https:\/\/institutoargonauta.org\/new\/parceiros\/"]}]},{"@type":"ImageObject","inLanguage":"pt-BR","@id":"https:\/\/institutoargonauta.org\/new\/parceiros\/#primaryimage","url":"https:\/\/institutoargonauta.org\/new\/wp-content\/uploads\/2022\/10\/SAOSEB-1.png","contentUrl":"https:\/\/institutoargonauta.org\/new\/wp-content\/uploads\/2022\/10\/SAOSEB-1.png","width":741,"height":548},{"@type":"WebSite","@id":"https:\/\/institutoargonauta.org\/new\/#website","url":"https:\/\/institutoargonauta.org\/new\/","name":"Instituto Argonauta","description":"Ubatuba-SP","publisher":{"@id":"https:\/\/institutoargonauta.org\/new\/#organization"},"alternateName":"Argonauta","potentialAction":[{"@type":"SearchAction","target":{"@type":"EntryPoint","urlTemplate":"https:\/\/institutoargonauta.org\/new\/?s={search_term_string}"},"query-input":"required name=search_term_string"}],"inLanguage":"pt-BR"},{"@type":"Organization","@id":"https:\/\/institutoargonauta.org\/new\/#organization","name":"Instituto Argonauta","alternateName":"Argonauta","url":"https:\/\/institutoargonauta.org\/new\/","logo":{"@type":"ImageObject","inLanguage":"pt-BR","@id":"https:\/\/institutoargonauta.org\/new\/#\/schema\/logo\/image\/","url":"https:\/\/institutoargonauta.org\/new\/wp-content\/uploads\/2023\/01\/logo-argonauta-OK2022-e1674472323190.png","contentUrl":"https:\/\/institutoargonauta.org\/new\/wp-content\/uploads\/2023\/01\/logo-argonauta-OK2022-e1674472323190.png","width":250,"height":249,"caption":"Instituto Argonauta"},"image":{"@id":"https:\/\/institutoargonauta.org\/new\/#\/schema\/logo\/image\/"},"sameAs":["https:\/\/facebook.com\/InstitutoArgonauta","https:\/\/instagram.com\/InstitutoArgonauta","https:\/\/www.youtube.com\/c\/InstitutoArgonauta"]}]}},"_links":{"self":[{"href":"https:\/\/institutoargonauta.org\/new\/wp-json\/wp\/v2\/pages\/6982","targetHints":{"allow":["GET"]}}],"collection":[{"href":"https:\/\/institutoargonauta.org\/new\/wp-json\/wp\/v2\/pages"}],"about":[{"href":"https:\/\/institutoargonauta.org\/new\/wp-json\/wp\/v2\/types\/page"}],"author":[{"embeddable":true,"href":"https:\/\/institutoargonauta.org\/new\/wp-json\/wp\/v2\/users\/1"}],"replies":[{"embeddable":true,"href":"https:\/\/institutoargonauta.org\/new\/wp-json\/wp\/v2\/comments?post=6982"}],"version-history":[{"count":7,"href":"https:\/\/institutoargonauta.org\/new\/wp-json\/wp\/v2\/pages\/6982\/revisions"}],"predecessor-version":[{"id":7139,"href":"https:\/\/institutoargonauta.org\/new\/wp-json\/wp\/v2\/pages\/6982\/revisions\/7139"}],"wp:attachment":[{"href":"https:\/\/institutoargonauta.org\/new\/wp-json\/wp\/v2\/media?parent=6982"}],"curies":[{"name":"wp","href":"https:\/\/api.w.org\/{rel}","templated":true}]}}