{"id":6233,"date":"2022-11-08T23:58:07","date_gmt":"2022-11-09T02:58:07","guid":{"rendered":"https:\/\/institutoargonauta.org\/new\/?page_id=6233"},"modified":"2023-06-12T17:00:39","modified_gmt":"2023-06-12T20:00:39","slug":"agende-uma-visita-monitorada","status":"publish","type":"page","link":"https:\/\/institutoargonauta.org\/new\/agende-uma-visita-monitorada\/","title":{"rendered":"Agende uma visita monitorada"},"content":{"rendered":"\n<p>A visita de escolas e grupos especiais ao Museu da Vida Marinha pode ser agendada, no per\u00edodo da manh\u00e3, com in\u00edcio as 10h ou no per\u00edodo da tarde at\u00e9 16h. O tempo de visita no circuito leva em torno de 1h30.<\/p>\n\n\n\n<p>Recebemos o m\u00e1ximo de 50 alunos por per\u00edodo, pois dividiremos o grupo em duas turmas de 25 alunos para conhecerem o museu.<\/p>\n\n\n\n<p>A cada 25 alunos \u00e9 necess\u00e1rio um professor acompanhante.<\/p>\n\n\n\n<p>Considerando que moradores de Ubatuba t\u00eam gratuidade no Museu, as visitas de escolas e grupos especiais de Ubatuba s\u00e3o gratuitas, no entanto, \u00e9 necess\u00e1rio que sejam agendadas com anteced\u00eancia.<\/p>\n\n\n\n<p>Para grupos de outras cidades, o valor \u00e9 de R$ 10,50 (meia entrada) por visitante e a cada 25 alunos, um professor e\/ou acompanhante tem gratuidade.<\/p>\n\n\n\n<p>Passo a passo para o agendamento:<\/p>\n\n\n\n<ol class=\"wp-block-list\" type=\"1\">\n<li>Envio do Formul\u00e1rio de Agendamento pr\u00e9vio;<\/li>\n\n\n\n<li>Disponibilidade de data e documenta\u00e7\u00e3o;<\/li>\n\n\n\n<li>Recebimento do e-mail de confirma\u00e7\u00e3o.<\/li>\n<\/ol>\n\n\n\n<p>Ficou interessado? Para isso, \u00e9 necess\u00e1rio o agendamento pr\u00e9vio, basta preencher o formul\u00e1rio abaixo que daremos continuidade ao agendamento, lembrando que a data a ser preenchida da visita \u00e9 uma data prevista, pois precisamos checar a disponibilidade do dia!<\/p>\n\n\n\n<div class=\"wp-block-contact-form-7-contact-form-selector\">\n<div class=\"wpcf7 no-js\" id=\"wpcf7-f6266-o1\" lang=\"pt-BR\" dir=\"ltr\" data-wpcf7-id=\"6266\">\n<div class=\"screen-reader-response\"><p role=\"status\" aria-live=\"polite\" aria-atomic=\"true\"><\/p> <ul><\/ul><\/div>\n<form action=\"\/new\/wp-json\/wp\/v2\/pages\/6233#wpcf7-f6266-o1\" method=\"post\" class=\"wpcf7-form init\" aria-label=\"Formul\u00e1rios de contato\" novalidate=\"novalidate\" data-status=\"init\">\n<fieldset class=\"hidden-fields-container\"><input type=\"hidden\" name=\"_wpcf7\" value=\"6266\" \/><input type=\"hidden\" name=\"_wpcf7_version\" value=\"6.1.1\" \/><input type=\"hidden\" name=\"_wpcf7_locale\" value=\"pt_BR\" \/><input type=\"hidden\" name=\"_wpcf7_unit_tag\" value=\"wpcf7-f6266-o1\" \/><input type=\"hidden\" name=\"_wpcf7_container_post\" value=\"0\" \/><input type=\"hidden\" name=\"_wpcf7_posted_data_hash\" value=\"\" \/>\n<\/fieldset>\n<p><span class=\"wpcf7-form-control-wrap\" data-name=\"your-name\"><input size=\"40\" maxlength=\"400\" class=\"wpcf7-form-control wpcf7-text wpcf7-validates-as-required\" aria-required=\"true\" aria-invalid=\"false\" placeholder=\"Nome da Escola\" value=\"\" type=\"text\" name=\"your-name\" \/><\/span><br \/>\n<span class=\"wpcf7-form-control-wrap\" data-name=\"your-endereco\"><input size=\"40\" maxlength=\"400\" class=\"wpcf7-form-control wpcf7-text wpcf7-validates-as-required\" aria-required=\"true\" aria-invalid=\"false\" placeholder=\"Endere\u00e7o\" value=\"\" type=\"text\" name=\"your-endereco\" \/><\/span><br \/>\n<span class=\"wpcf7-form-control-wrap\" data-name=\"your-cnpj\"><input size=\"40\" maxlength=\"400\" class=\"wpcf7-form-control wpcf7-text wpcf7-validates-as-required\" aria-required=\"true\" aria-invalid=\"false\" placeholder=\"CNPJ\" value=\"\" type=\"text\" name=\"your-cnpj\" \/><\/span><br \/>\n<span class=\"wpcf7-form-control-wrap\" data-name=\"your-email\"><input size=\"40\" maxlength=\"400\" class=\"wpcf7-form-control wpcf7-text wpcf7-validates-as-required\" aria-required=\"true\" aria-invalid=\"false\" placeholder=\"E-mail\" value=\"\" type=\"text\" name=\"your-email\" \/><\/span><br \/>\n<span class=\"wpcf7-form-control-wrap\" data-name=\"your-telefone\"><input size=\"40\" maxlength=\"400\" class=\"wpcf7-form-control wpcf7-text wpcf7-validates-as-required\" aria-required=\"true\" aria-invalid=\"false\" placeholder=\"Telefone\" value=\"\" type=\"text\" name=\"your-telefone\" \/><\/span><br \/>\n<span class=\"wpcf7-form-control-wrap\" data-name=\"your-responsavel\"><input size=\"40\" maxlength=\"400\" class=\"wpcf7-form-control wpcf7-text wpcf7-validates-as-required\" aria-required=\"true\" aria-invalid=\"false\" placeholder=\"Nome do respons\u00e1vel pelo agendamento\" value=\"\" type=\"text\" name=\"your-responsavel\" \/><\/span><br \/>\n<span class=\"wpcf7-form-control-wrap\" data-name=\"your-cargo\"><input size=\"40\" maxlength=\"400\" class=\"wpcf7-form-control wpcf7-text wpcf7-validates-as-required\" aria-required=\"true\" aria-invalid=\"false\" placeholder=\"Cargo do respons\u00e1vel\" value=\"\" type=\"text\" name=\"your-cargo\" \/><\/span><br \/>\n<label>Data prevista para visita<\/label><br \/>\n<span class=\"wpcf7-form-control-wrap\" data-name=\"date-215\"><input class=\"wpcf7-form-control wpcf7-date wpcf7-validates-as-date\" aria-invalid=\"false\" value=\"\" type=\"date\" name=\"date-215\" \/><\/span><br \/>\n<label>Per\u00edodo<\/label><br \/>\n<span class=\"wpcf7-form-control-wrap\" data-name=\"periodo\"><span class=\"wpcf7-form-control wpcf7-radio\"><span class=\"wpcf7-list-item first\"><label><input type=\"radio\" name=\"periodo\" value=\"Manh\u00e3\" checked=\"checked\" \/><span class=\"wpcf7-list-item-label\">Manh\u00e3<\/span><\/label><\/span><span class=\"wpcf7-list-item last\"><label><input type=\"radio\" name=\"periodo\" value=\"Tarde\" \/><span class=\"wpcf7-list-item-label\">Tarde<\/span><\/label><\/span><\/span><\/span><br \/>\n<span class=\"wpcf7-form-control-wrap\" data-name=\"your-horario\"><input size=\"40\" maxlength=\"400\" class=\"wpcf7-form-control wpcf7-text wpcf7-validates-as-required\" aria-required=\"true\" aria-invalid=\"false\" placeholder=\"Hor\u00e1rio\" value=\"\" type=\"text\" name=\"your-horario\" \/><\/span><br \/>\n<span class=\"wpcf7-form-control-wrap\" data-name=\"your-idade\"><input size=\"40\" maxlength=\"400\" class=\"wpcf7-form-control wpcf7-text wpcf7-validates-as-required\" aria-required=\"true\" aria-invalid=\"false\" placeholder=\"Idade dos alunos\" value=\"\" type=\"text\" name=\"your-idade\" \/><\/span><br \/>\n<label>Com defici\u00eancia<\/label><br \/>\n<span class=\"wpcf7-form-control-wrap\" data-name=\"pcd\"><span class=\"wpcf7-form-control wpcf7-radio\"><span class=\"wpcf7-list-item first\"><label><input type=\"radio\" name=\"pcd\" value=\"Sim\" checked=\"checked\" \/><span class=\"wpcf7-list-item-label\">Sim<\/span><\/label><\/span><span class=\"wpcf7-list-item last\"><label><input type=\"radio\" name=\"pcd\" value=\"N\u00e2o\" \/><span class=\"wpcf7-list-item-label\">N\u00e2o<\/span><\/label><\/span><\/span><\/span><br \/>\n<span class=\"wpcf7-form-control-wrap\" data-name=\"your-qtdpcd\"><input size=\"40\" maxlength=\"400\" class=\"wpcf7-form-control wpcf7-text\" aria-invalid=\"false\" placeholder=\"Caso sim, qual a quantidade de alunos com defi\u00eancia\" value=\"\" type=\"text\" name=\"your-qtdpcd\" \/><\/span><br \/>\n<span class=\"wpcf7-form-control-wrap\" data-name=\"your-quais\"><input size=\"40\" maxlength=\"400\" class=\"wpcf7-form-control wpcf7-text\" aria-invalid=\"false\" placeholder=\"Qual \/ Quais defi\u00eancias\" value=\"\" type=\"text\" name=\"your-quais\" \/><\/span><br \/>\n<span class=\"wpcf7-form-control-wrap\" data-name=\"your-total\"><input size=\"40\" maxlength=\"400\" class=\"wpcf7-form-control wpcf7-text wpcf7-validates-as-required\" aria-required=\"true\" aria-invalid=\"false\" placeholder=\"Total de alunos\" value=\"\" type=\"text\" name=\"your-total\" \/><\/span><br \/>\n<span class=\"wpcf7-form-control-wrap\" data-name=\"your-totalprof\"><input size=\"40\" maxlength=\"400\" class=\"wpcf7-form-control wpcf7-text wpcf7-validates-as-required\" aria-required=\"true\" aria-invalid=\"false\" placeholder=\"Total de professores e acompanhantes\" value=\"\" type=\"text\" name=\"your-totalprof\" \/><\/span><br \/>\n<input class=\"wpcf7-form-control wpcf7-submit has-spinner btn\" type=\"submit\" value=\"Enviar\" \/>\n<\/p><div class=\"wpcf7-response-output\" aria-hidden=\"true\"><\/div>\n<\/form>\n<\/div>\n<\/div>\n\n\n\n<p>O preenchimento do formul\u00e1rio n\u00e3o \u00e9 uma confirma\u00e7\u00e3o da visita. Entraremos em contato para confirmar o agendamento.<\/p>\n\n\n\n<p>Se tiver qualquer d\u00favida entre em contato conosco pelo e-mail: museu@institutoargonauta.org.br ou telefone (12) 38327976<\/p>\n\n\n\n<p>**Felizes com o interesse em nos visitar!**<\/p>\n\n\n\n<p>Att,<\/p>\n\n\n\n<p>Equipe Museu da Vida Marinha<\/p>\n","protected":false},"excerpt":{"rendered":"<p>A visita de escolas e grupos especiais ao Museu da Vida Marinha pode ser agendada, no per\u00edodo da manh\u00e3, com &#8230;<\/p>\n","protected":false},"author":1,"featured_media":0,"parent":0,"menu_order":0,"comment_status":"closed","ping_status":"closed","template":"","meta":{"_acf_changed":false,"footnotes":""},"class_list":["post-6233","page","type-page","status-publish","hentry"],"acf":[],"yoast_head":"<!-- This site is optimized with the Yoast SEO plugin v22.8 - https:\/\/yoast.com\/wordpress\/plugins\/seo\/ -->\n<title>Agende uma visita monitorada - Instituto Argonauta<\/title>\n<meta name=\"robots\" content=\"index, follow, max-snippet:-1, max-image-preview:large, max-video-preview:-1\" \/>\n<link rel=\"canonical\" href=\"https:\/\/institutoargonauta.org\/new\/agende-uma-visita-monitorada\/\" \/>\n<meta property=\"og:locale\" content=\"pt_BR\" \/>\n<meta property=\"og:type\" content=\"article\" \/>\n<meta property=\"og:title\" content=\"Agende uma visita monitorada - Instituto Argonauta\" \/>\n<meta property=\"og:description\" content=\"A visita de escolas e grupos especiais ao Museu da Vida Marinha pode ser agendada, no per\u00edodo da manh\u00e3, com ...\" \/>\n<meta property=\"og:url\" content=\"https:\/\/institutoargonauta.org\/new\/agende-uma-visita-monitorada\/\" \/>\n<meta property=\"og:site_name\" content=\"Instituto Argonauta\" \/>\n<meta property=\"article:publisher\" content=\"https:\/\/facebook.com\/InstitutoArgonauta\" \/>\n<meta property=\"article:modified_time\" content=\"2023-06-12T20:00:39+00:00\" \/>\n<meta property=\"og:image\" content=\"https:\/\/institutoargonauta.org\/new\/wp-content\/uploads\/2023\/01\/logo-argonauta-OK2022-e1674472323190.png\" \/>\n\t<meta property=\"og:image:width\" content=\"250\" \/>\n\t<meta property=\"og:image:height\" content=\"249\" \/>\n\t<meta property=\"og:image:type\" content=\"image\/png\" \/>\n<meta name=\"twitter:card\" content=\"summary_large_image\" \/>\n<meta name=\"twitter:label1\" content=\"Est. tempo de leitura\" \/>\n\t<meta name=\"twitter:data1\" content=\"2 minutos\" \/>\n<script type=\"application\/ld+json\" class=\"yoast-schema-graph\">{\"@context\":\"https:\/\/schema.org\",\"@graph\":[{\"@type\":\"WebPage\",\"@id\":\"https:\/\/institutoargonauta.org\/new\/agende-uma-visita-monitorada\/\",\"url\":\"https:\/\/institutoargonauta.org\/new\/agende-uma-visita-monitorada\/\",\"name\":\"Agende uma visita monitorada - Instituto Argonauta\",\"isPartOf\":{\"@id\":\"https:\/\/institutoargonauta.org\/new\/#website\"},\"datePublished\":\"2022-11-09T02:58:07+00:00\",\"dateModified\":\"2023-06-12T20:00:39+00:00\",\"inLanguage\":\"pt-BR\",\"potentialAction\":[{\"@type\":\"ReadAction\",\"target\":[\"https:\/\/institutoargonauta.org\/new\/agende-uma-visita-monitorada\/\"]}]},{\"@type\":\"WebSite\",\"@id\":\"https:\/\/institutoargonauta.org\/new\/#website\",\"url\":\"https:\/\/institutoargonauta.org\/new\/\",\"name\":\"Instituto Argonauta\",\"description\":\"Ubatuba-SP\",\"publisher\":{\"@id\":\"https:\/\/institutoargonauta.org\/new\/#organization\"},\"alternateName\":\"Argonauta\",\"potentialAction\":[{\"@type\":\"SearchAction\",\"target\":{\"@type\":\"EntryPoint\",\"urlTemplate\":\"https:\/\/institutoargonauta.org\/new\/?s={search_term_string}\"},\"query-input\":\"required name=search_term_string\"}],\"inLanguage\":\"pt-BR\"},{\"@type\":\"Organization\",\"@id\":\"https:\/\/institutoargonauta.org\/new\/#organization\",\"name\":\"Instituto Argonauta\",\"alternateName\":\"Argonauta\",\"url\":\"https:\/\/institutoargonauta.org\/new\/\",\"logo\":{\"@type\":\"ImageObject\",\"inLanguage\":\"pt-BR\",\"@id\":\"https:\/\/institutoargonauta.org\/new\/#\/schema\/logo\/image\/\",\"url\":\"https:\/\/institutoargonauta.org\/new\/wp-content\/uploads\/2023\/01\/logo-argonauta-OK2022-e1674472323190.png\",\"contentUrl\":\"https:\/\/institutoargonauta.org\/new\/wp-content\/uploads\/2023\/01\/logo-argonauta-OK2022-e1674472323190.png\",\"width\":250,\"height\":249,\"caption\":\"Instituto Argonauta\"},\"image\":{\"@id\":\"https:\/\/institutoargonauta.org\/new\/#\/schema\/logo\/image\/\"},\"sameAs\":[\"https:\/\/facebook.com\/InstitutoArgonauta\",\"https:\/\/instagram.com\/InstitutoArgonauta\",\"https:\/\/www.youtube.com\/c\/InstitutoArgonauta\"]}]}<\/script>\n<!-- \/ Yoast SEO plugin. -->","yoast_head_json":{"title":"Agende uma visita monitorada - Instituto Argonauta","robots":{"index":"index","follow":"follow","max-snippet":"max-snippet:-1","max-image-preview":"max-image-preview:large","max-video-preview":"max-video-preview:-1"},"canonical":"https:\/\/institutoargonauta.org\/new\/agende-uma-visita-monitorada\/","og_locale":"pt_BR","og_type":"article","og_title":"Agende uma visita monitorada - Instituto Argonauta","og_description":"A visita de escolas e grupos especiais ao Museu da Vida Marinha pode ser agendada, no per\u00edodo da manh\u00e3, com ...","og_url":"https:\/\/institutoargonauta.org\/new\/agende-uma-visita-monitorada\/","og_site_name":"Instituto Argonauta","article_publisher":"https:\/\/facebook.com\/InstitutoArgonauta","article_modified_time":"2023-06-12T20:00:39+00:00","og_image":[{"width":250,"height":249,"url":"https:\/\/institutoargonauta.org\/new\/wp-content\/uploads\/2023\/01\/logo-argonauta-OK2022-e1674472323190.png","type":"image\/png"}],"twitter_card":"summary_large_image","twitter_misc":{"Est. tempo de leitura":"2 minutos"},"schema":{"@context":"https:\/\/schema.org","@graph":[{"@type":"WebPage","@id":"https:\/\/institutoargonauta.org\/new\/agende-uma-visita-monitorada\/","url":"https:\/\/institutoargonauta.org\/new\/agende-uma-visita-monitorada\/","name":"Agende uma visita monitorada - Instituto Argonauta","isPartOf":{"@id":"https:\/\/institutoargonauta.org\/new\/#website"},"datePublished":"2022-11-09T02:58:07+00:00","dateModified":"2023-06-12T20:00:39+00:00","inLanguage":"pt-BR","potentialAction":[{"@type":"ReadAction","target":["https:\/\/institutoargonauta.org\/new\/agende-uma-visita-monitorada\/"]}]},{"@type":"WebSite","@id":"https:\/\/institutoargonauta.org\/new\/#website","url":"https:\/\/institutoargonauta.org\/new\/","name":"Instituto Argonauta","description":"Ubatuba-SP","publisher":{"@id":"https:\/\/institutoargonauta.org\/new\/#organization"},"alternateName":"Argonauta","potentialAction":[{"@type":"SearchAction","target":{"@type":"EntryPoint","urlTemplate":"https:\/\/institutoargonauta.org\/new\/?s={search_term_string}"},"query-input":"required name=search_term_string"}],"inLanguage":"pt-BR"},{"@type":"Organization","@id":"https:\/\/institutoargonauta.org\/new\/#organization","name":"Instituto Argonauta","alternateName":"Argonauta","url":"https:\/\/institutoargonauta.org\/new\/","logo":{"@type":"ImageObject","inLanguage":"pt-BR","@id":"https:\/\/institutoargonauta.org\/new\/#\/schema\/logo\/image\/","url":"https:\/\/institutoargonauta.org\/new\/wp-content\/uploads\/2023\/01\/logo-argonauta-OK2022-e1674472323190.png","contentUrl":"https:\/\/institutoargonauta.org\/new\/wp-content\/uploads\/2023\/01\/logo-argonauta-OK2022-e1674472323190.png","width":250,"height":249,"caption":"Instituto Argonauta"},"image":{"@id":"https:\/\/institutoargonauta.org\/new\/#\/schema\/logo\/image\/"},"sameAs":["https:\/\/facebook.com\/InstitutoArgonauta","https:\/\/instagram.com\/InstitutoArgonauta","https:\/\/www.youtube.com\/c\/InstitutoArgonauta"]}]}},"_links":{"self":[{"href":"https:\/\/institutoargonauta.org\/new\/wp-json\/wp\/v2\/pages\/6233","targetHints":{"allow":["GET"]}}],"collection":[{"href":"https:\/\/institutoargonauta.org\/new\/wp-json\/wp\/v2\/pages"}],"about":[{"href":"https:\/\/institutoargonauta.org\/new\/wp-json\/wp\/v2\/types\/page"}],"author":[{"embeddable":true,"href":"https:\/\/institutoargonauta.org\/new\/wp-json\/wp\/v2\/users\/1"}],"replies":[{"embeddable":true,"href":"https:\/\/institutoargonauta.org\/new\/wp-json\/wp\/v2\/comments?post=6233"}],"version-history":[{"count":5,"href":"https:\/\/institutoargonauta.org\/new\/wp-json\/wp\/v2\/pages\/6233\/revisions"}],"predecessor-version":[{"id":6440,"href":"https:\/\/institutoargonauta.org\/new\/wp-json\/wp\/v2\/pages\/6233\/revisions\/6440"}],"wp:attachment":[{"href":"https:\/\/institutoargonauta.org\/new\/wp-json\/wp\/v2\/media?parent=6233"}],"curies":[{"name":"wp","href":"https:\/\/api.w.org\/{rel}","templated":true}]}}