{"id":5916,"date":"2022-08-24T16:15:36","date_gmt":"2022-08-24T19:15:36","guid":{"rendered":"https:\/\/institutoargonauta.org\/new\/?page_id=5916"},"modified":"2025-10-29T16:23:42","modified_gmt":"2025-10-29T19:23:42","slug":"divulgacao-e-informacao","status":"publish","type":"page","link":"https:\/\/institutoargonauta.org\/new\/divulgacao-e-informacao\/","title":{"rendered":"Material Educativo e Informativo"},"content":{"rendered":"\n<div class=\"wp-block-media-text alignwide is-stacked-on-mobile\"><figure class=\"wp-block-media-text__media\"><video controls src=\"https:\/\/institutoargonauta.org\/new\/wp-content\/uploads\/2025\/10\/AudioBook-Criando-o-Museu-da-Vida-Marinha-1.mp4\"><\/video><\/figure><div class=\"wp-block-media-text__content\">\n<p><strong>E-book:<\/strong><br><strong>Argonauta, Atob\u00e1 e Toninha em: Protegendo a vida marinha<\/strong><br>Autora, ilustradora e organizadora &#8211; Catherina Monteiro &#8211; Instituto Argonauta<br>Autora, desenhista-ilustradora e organizadora- Rosana Gaeta (volunt\u00e1ria)<br>Supervisora t\u00e9cnica- Carla Beatriz Barbosa &#8211; Instituto Argonauta<br>Revisora de texto &#8211; Luanna Chaves &#8211; Instituto Argonauta<br>Revis\u00e3o t\u00e9cnica (volunt\u00e1ria) &#8211; J\u00e9ssica Magalh\u00e3es Gaeta Ruiz &#8211; Mestre em ci\u00eancias pelo Museu de Zoologia da USP<\/p>\n\n\n\n<p><\/p>\n\n\n\n<div class=\"wp-block-buttons is-layout-flex wp-block-buttons-is-layout-flex\">\n<div class=\"wp-block-button\"><a class=\"wp-block-button__link has-white-color has-text-color has-link-color wp-element-button\" href=\"https:\/\/institutoargonauta.org\/new\/wp-content\/uploads\/2025\/10\/LIvro-Criando-o-Museu-da-Vida-Marinha.pdf\" target=\"_blank\" rel=\"noreferrer noopener\">Download do E-book<\/a><\/div>\n<\/div>\n<\/div><\/div>\n\n\n\n<p class=\"has-text-color has-link-color wp-elements-a7211c04f68aaccc8f6dcf42a4a8083a\" style=\"color:#eeeeee\">pppppp<\/p>\n\n\n\n<div class=\"wp-block-media-text alignwide is-stacked-on-mobile\"><figure class=\"wp-block-media-text__media\"><img loading=\"lazy\" decoding=\"async\" width=\"924\" height=\"645\" src=\"https:\/\/institutoargonauta.org\/new\/wp-content\/uploads\/2023\/07\/ebook2023.png\" alt=\"\" class=\"wp-image-6822 size-full\" srcset=\"https:\/\/institutoargonauta.org\/new\/wp-content\/uploads\/2023\/07\/ebook2023.png 924w, https:\/\/institutoargonauta.org\/new\/wp-content\/uploads\/2023\/07\/ebook2023-300x209.png 300w, https:\/\/institutoargonauta.org\/new\/wp-content\/uploads\/2023\/07\/ebook2023-768x536.png 768w\" sizes=\"auto, (max-width: 924px) 100vw, 924px\" \/><\/figure><div class=\"wp-block-media-text__content\">\n<p><strong>E-book:<\/strong><br>BARBOSA, C. B; GIRAUD, Marlene. <strong>A vida de Georgina<\/strong>: conhecendo o manguezal. Ubatuba: insta@rosanamgaeta, 2023. E-book.<\/p>\n\n\n\n<div class=\"wp-block-buttons is-layout-flex wp-block-buttons-is-layout-flex\">\n<div class=\"wp-block-button\"><a class=\"wp-block-button__link wp-element-button\" href=\"https:\/\/institutoargonauta.org\/Ebook-2023-A-vida-de-Georgina-Conhecendo-o-Manguezal.pdf\" target=\"_blank\" rel=\"noreferrer noopener\" style=\"color:#fff !important\">Download do E-book<\/a><\/div>\n<\/div>\n<\/div><\/div>\n\n\n\n<p class=\"has-white-color has-text-color has-link-color wp-elements-5baa90df3fbfd5bd45bce9c8be2f5305\">pppp<\/p>\n","protected":false},"excerpt":{"rendered":"<p>E-book:Argonauta, Atob\u00e1 e Toninha em: Protegendo a vida marinhaAutora, ilustradora e organizadora &#8211; Catherina Monteiro &#8211; Instituto ArgonautaAutora, desenhista-ilustradora e &#8230;<\/p>\n","protected":false},"author":1,"featured_media":0,"parent":0,"menu_order":0,"comment_status":"closed","ping_status":"closed","template":"","meta":{"_acf_changed":false,"footnotes":""},"class_list":["post-5916","page","type-page","status-publish","hentry"],"acf":[],"yoast_head":"<!-- This site is optimized with the Yoast SEO plugin v22.8 - https:\/\/yoast.com\/wordpress\/plugins\/seo\/ -->\n<title>Material Educativo e Informativo - Instituto Argonauta<\/title>\n<meta name=\"robots\" content=\"index, follow, max-snippet:-1, max-image-preview:large, max-video-preview:-1\" \/>\n<link rel=\"canonical\" href=\"https:\/\/institutoargonauta.org\/new\/divulgacao-e-informacao\/\" \/>\n<meta property=\"og:locale\" content=\"pt_BR\" \/>\n<meta property=\"og:type\" content=\"article\" \/>\n<meta property=\"og:title\" content=\"Material Educativo e Informativo - Instituto Argonauta\" \/>\n<meta property=\"og:description\" content=\"E-book:Argonauta, Atob\u00e1 e Toninha em: Protegendo a vida marinhaAutora, ilustradora e organizadora &#8211; Catherina Monteiro &#8211; Instituto ArgonautaAutora, desenhista-ilustradora e ...\" \/>\n<meta property=\"og:url\" content=\"https:\/\/institutoargonauta.org\/new\/divulgacao-e-informacao\/\" \/>\n<meta property=\"og:site_name\" content=\"Instituto Argonauta\" \/>\n<meta property=\"article:publisher\" content=\"https:\/\/facebook.com\/InstitutoArgonauta\" \/>\n<meta property=\"article:modified_time\" content=\"2025-10-29T19:23:42+00:00\" \/>\n<meta property=\"og:image\" content=\"https:\/\/institutoargonauta.org\/new\/wp-content\/uploads\/2023\/07\/ebook2023.png\" \/>\n<meta name=\"twitter:card\" content=\"summary_large_image\" \/>\n<meta name=\"twitter:label1\" content=\"Est. tempo de leitura\" \/>\n\t<meta name=\"twitter:data1\" content=\"1 minuto\" \/>\n<script type=\"application\/ld+json\" class=\"yoast-schema-graph\">{\"@context\":\"https:\/\/schema.org\",\"@graph\":[{\"@type\":\"WebPage\",\"@id\":\"https:\/\/institutoargonauta.org\/new\/divulgacao-e-informacao\/\",\"url\":\"https:\/\/institutoargonauta.org\/new\/divulgacao-e-informacao\/\",\"name\":\"Material Educativo e Informativo - Instituto Argonauta\",\"isPartOf\":{\"@id\":\"https:\/\/institutoargonauta.org\/new\/#website\"},\"primaryImageOfPage\":{\"@id\":\"https:\/\/institutoargonauta.org\/new\/divulgacao-e-informacao\/#primaryimage\"},\"image\":{\"@id\":\"https:\/\/institutoargonauta.org\/new\/divulgacao-e-informacao\/#primaryimage\"},\"thumbnailUrl\":\"https:\/\/institutoargonauta.org\/new\/wp-content\/uploads\/2023\/07\/ebook2023.png\",\"datePublished\":\"2022-08-24T19:15:36+00:00\",\"dateModified\":\"2025-10-29T19:23:42+00:00\",\"inLanguage\":\"pt-BR\",\"potentialAction\":[{\"@type\":\"ReadAction\",\"target\":[\"https:\/\/institutoargonauta.org\/new\/divulgacao-e-informacao\/\"]}]},{\"@type\":\"ImageObject\",\"inLanguage\":\"pt-BR\",\"@id\":\"https:\/\/institutoargonauta.org\/new\/divulgacao-e-informacao\/#primaryimage\",\"url\":\"https:\/\/institutoargonauta.org\/new\/wp-content\/uploads\/2023\/07\/ebook2023.png\",\"contentUrl\":\"https:\/\/institutoargonauta.org\/new\/wp-content\/uploads\/2023\/07\/ebook2023.png\",\"width\":924,\"height\":645},{\"@type\":\"WebSite\",\"@id\":\"https:\/\/institutoargonauta.org\/new\/#website\",\"url\":\"https:\/\/institutoargonauta.org\/new\/\",\"name\":\"Instituto Argonauta\",\"description\":\"Ubatuba-SP\",\"publisher\":{\"@id\":\"https:\/\/institutoargonauta.org\/new\/#organization\"},\"alternateName\":\"Argonauta\",\"potentialAction\":[{\"@type\":\"SearchAction\",\"target\":{\"@type\":\"EntryPoint\",\"urlTemplate\":\"https:\/\/institutoargonauta.org\/new\/?s={search_term_string}\"},\"query-input\":\"required name=search_term_string\"}],\"inLanguage\":\"pt-BR\"},{\"@type\":\"Organization\",\"@id\":\"https:\/\/institutoargonauta.org\/new\/#organization\",\"name\":\"Instituto Argonauta\",\"alternateName\":\"Argonauta\",\"url\":\"https:\/\/institutoargonauta.org\/new\/\",\"logo\":{\"@type\":\"ImageObject\",\"inLanguage\":\"pt-BR\",\"@id\":\"https:\/\/institutoargonauta.org\/new\/#\/schema\/logo\/image\/\",\"url\":\"https:\/\/institutoargonauta.org\/new\/wp-content\/uploads\/2023\/01\/logo-argonauta-OK2022-e1674472323190.png\",\"contentUrl\":\"https:\/\/institutoargonauta.org\/new\/wp-content\/uploads\/2023\/01\/logo-argonauta-OK2022-e1674472323190.png\",\"width\":250,\"height\":249,\"caption\":\"Instituto Argonauta\"},\"image\":{\"@id\":\"https:\/\/institutoargonauta.org\/new\/#\/schema\/logo\/image\/\"},\"sameAs\":[\"https:\/\/facebook.com\/InstitutoArgonauta\",\"https:\/\/instagram.com\/InstitutoArgonauta\",\"https:\/\/www.youtube.com\/c\/InstitutoArgonauta\"]}]}<\/script>\n<!-- \/ Yoast SEO plugin. -->","yoast_head_json":{"title":"Material Educativo e Informativo - Instituto Argonauta","robots":{"index":"index","follow":"follow","max-snippet":"max-snippet:-1","max-image-preview":"max-image-preview:large","max-video-preview":"max-video-preview:-1"},"canonical":"https:\/\/institutoargonauta.org\/new\/divulgacao-e-informacao\/","og_locale":"pt_BR","og_type":"article","og_title":"Material Educativo e Informativo - Instituto Argonauta","og_description":"E-book:Argonauta, Atob\u00e1 e Toninha em: Protegendo a vida marinhaAutora, ilustradora e organizadora &#8211; Catherina Monteiro &#8211; Instituto ArgonautaAutora, desenhista-ilustradora e ...","og_url":"https:\/\/institutoargonauta.org\/new\/divulgacao-e-informacao\/","og_site_name":"Instituto Argonauta","article_publisher":"https:\/\/facebook.com\/InstitutoArgonauta","article_modified_time":"2025-10-29T19:23:42+00:00","og_image":[{"url":"https:\/\/institutoargonauta.org\/new\/wp-content\/uploads\/2023\/07\/ebook2023.png"}],"twitter_card":"summary_large_image","twitter_misc":{"Est. tempo de leitura":"1 minuto"},"schema":{"@context":"https:\/\/schema.org","@graph":[{"@type":"WebPage","@id":"https:\/\/institutoargonauta.org\/new\/divulgacao-e-informacao\/","url":"https:\/\/institutoargonauta.org\/new\/divulgacao-e-informacao\/","name":"Material Educativo e Informativo - Instituto Argonauta","isPartOf":{"@id":"https:\/\/institutoargonauta.org\/new\/#website"},"primaryImageOfPage":{"@id":"https:\/\/institutoargonauta.org\/new\/divulgacao-e-informacao\/#primaryimage"},"image":{"@id":"https:\/\/institutoargonauta.org\/new\/divulgacao-e-informacao\/#primaryimage"},"thumbnailUrl":"https:\/\/institutoargonauta.org\/new\/wp-content\/uploads\/2023\/07\/ebook2023.png","datePublished":"2022-08-24T19:15:36+00:00","dateModified":"2025-10-29T19:23:42+00:00","inLanguage":"pt-BR","potentialAction":[{"@type":"ReadAction","target":["https:\/\/institutoargonauta.org\/new\/divulgacao-e-informacao\/"]}]},{"@type":"ImageObject","inLanguage":"pt-BR","@id":"https:\/\/institutoargonauta.org\/new\/divulgacao-e-informacao\/#primaryimage","url":"https:\/\/institutoargonauta.org\/new\/wp-content\/uploads\/2023\/07\/ebook2023.png","contentUrl":"https:\/\/institutoargonauta.org\/new\/wp-content\/uploads\/2023\/07\/ebook2023.png","width":924,"height":645},{"@type":"WebSite","@id":"https:\/\/institutoargonauta.org\/new\/#website","url":"https:\/\/institutoargonauta.org\/new\/","name":"Instituto Argonauta","description":"Ubatuba-SP","publisher":{"@id":"https:\/\/institutoargonauta.org\/new\/#organization"},"alternateName":"Argonauta","potentialAction":[{"@type":"SearchAction","target":{"@type":"EntryPoint","urlTemplate":"https:\/\/institutoargonauta.org\/new\/?s={search_term_string}"},"query-input":"required name=search_term_string"}],"inLanguage":"pt-BR"},{"@type":"Organization","@id":"https:\/\/institutoargonauta.org\/new\/#organization","name":"Instituto Argonauta","alternateName":"Argonauta","url":"https:\/\/institutoargonauta.org\/new\/","logo":{"@type":"ImageObject","inLanguage":"pt-BR","@id":"https:\/\/institutoargonauta.org\/new\/#\/schema\/logo\/image\/","url":"https:\/\/institutoargonauta.org\/new\/wp-content\/uploads\/2023\/01\/logo-argonauta-OK2022-e1674472323190.png","contentUrl":"https:\/\/institutoargonauta.org\/new\/wp-content\/uploads\/2023\/01\/logo-argonauta-OK2022-e1674472323190.png","width":250,"height":249,"caption":"Instituto Argonauta"},"image":{"@id":"https:\/\/institutoargonauta.org\/new\/#\/schema\/logo\/image\/"},"sameAs":["https:\/\/facebook.com\/InstitutoArgonauta","https:\/\/instagram.com\/InstitutoArgonauta","https:\/\/www.youtube.com\/c\/InstitutoArgonauta"]}]}},"_links":{"self":[{"href":"https:\/\/institutoargonauta.org\/new\/wp-json\/wp\/v2\/pages\/5916","targetHints":{"allow":["GET"]}}],"collection":[{"href":"https:\/\/institutoargonauta.org\/new\/wp-json\/wp\/v2\/pages"}],"about":[{"href":"https:\/\/institutoargonauta.org\/new\/wp-json\/wp\/v2\/types\/page"}],"author":[{"embeddable":true,"href":"https:\/\/institutoargonauta.org\/new\/wp-json\/wp\/v2\/users\/1"}],"replies":[{"embeddable":true,"href":"https:\/\/institutoargonauta.org\/new\/wp-json\/wp\/v2\/comments?post=5916"}],"version-history":[{"count":17,"href":"https:\/\/institutoargonauta.org\/new\/wp-json\/wp\/v2\/pages\/5916\/revisions"}],"predecessor-version":[{"id":7859,"href":"https:\/\/institutoargonauta.org\/new\/wp-json\/wp\/v2\/pages\/5916\/revisions\/7859"}],"wp:attachment":[{"href":"https:\/\/institutoargonauta.org\/new\/wp-json\/wp\/v2\/media?parent=5916"}],"curies":[{"name":"wp","href":"https:\/\/api.w.org\/{rel}","templated":true}]}}