{"id":32,"date":"2022-06-13T11:53:32","date_gmt":"2022-06-13T14:53:32","guid":{"rendered":"https:\/\/institutoargonauta.org\/new\/?page_id=32"},"modified":"2024-03-21T15:22:56","modified_gmt":"2024-03-21T18:22:56","slug":"fale-conosco","status":"publish","type":"page","link":"https:\/\/institutoargonauta.org\/new\/fale-conosco\/","title":{"rendered":"Fale Conosco"},"content":{"rendered":"\n<div class=\"wp-block-columns is-layout-flex wp-container-core-columns-is-layout-9d6595d7 wp-block-columns-is-layout-flex\">\n<div class=\"wp-block-column is-layout-flow wp-block-column-is-layout-flow\" style=\"flex-basis:48%\">\n<p>Preencha os campos abaixo, que logo nossa equipe entrar\u00e1 em contato com voc\u00ea:<\/p>\n\n\n\n<div class=\"wp-block-contact-form-7-contact-form-selector\">\n<div class=\"wpcf7 no-js\" id=\"wpcf7-f5785-o1\" lang=\"pt-BR\" dir=\"ltr\" data-wpcf7-id=\"5785\">\n<div class=\"screen-reader-response\"><p role=\"status\" aria-live=\"polite\" aria-atomic=\"true\"><\/p> <ul><\/ul><\/div>\n<form action=\"\/new\/wp-json\/wp\/v2\/pages\/32#wpcf7-f5785-o1\" method=\"post\" class=\"wpcf7-form init\" aria-label=\"Formul\u00e1rios de contato\" novalidate=\"novalidate\" data-status=\"init\">\n<fieldset class=\"hidden-fields-container\"><input type=\"hidden\" name=\"_wpcf7\" value=\"5785\" \/><input type=\"hidden\" name=\"_wpcf7_version\" value=\"6.1.1\" \/><input type=\"hidden\" name=\"_wpcf7_locale\" value=\"pt_BR\" \/><input type=\"hidden\" name=\"_wpcf7_unit_tag\" value=\"wpcf7-f5785-o1\" \/><input type=\"hidden\" name=\"_wpcf7_container_post\" value=\"0\" \/><input type=\"hidden\" name=\"_wpcf7_posted_data_hash\" value=\"\" \/>\n<\/fieldset>\n<p><span class=\"wpcf7-form-control-wrap\" data-name=\"your-name\"><input size=\"40\" maxlength=\"400\" class=\"wpcf7-form-control wpcf7-text wpcf7-validates-as-required\" aria-required=\"true\" aria-invalid=\"false\" placeholder=\"Nome\" value=\"\" type=\"text\" name=\"your-name\" \/><\/span><br \/>\n<span class=\"wpcf7-form-control-wrap\" data-name=\"your-email\"><input size=\"40\" maxlength=\"400\" class=\"wpcf7-form-control wpcf7-email wpcf7-validates-as-required wpcf7-text wpcf7-validates-as-email\" aria-required=\"true\" aria-invalid=\"false\" placeholder=\"E-mail\" value=\"\" type=\"email\" name=\"your-email\" \/><\/span><br \/>\n<span class=\"wpcf7-form-control-wrap\" data-name=\"your-message\"><textarea cols=\"40\" rows=\"10\" maxlength=\"2000\" class=\"wpcf7-form-control wpcf7-textarea\" aria-invalid=\"false\" placeholder=\"Escreva aqui sua mensagem\" name=\"your-message\"><\/textarea><\/span><br \/>\n<input class=\"wpcf7-form-control wpcf7-submit has-spinner btn\" type=\"submit\" value=\"Enviar\" \/>\n<\/p><div class=\"wpcf7-response-output\" aria-hidden=\"true\"><\/div>\n<\/form>\n<\/div>\n<\/div>\n<\/div>\n\n\n\n<div class=\"wp-block-column is-layout-flow wp-block-column-is-layout-flow\" style=\"flex-basis:4%\"><\/div>\n\n\n\n<div class=\"wp-block-column is-layout-flow wp-block-column-is-layout-flow\" style=\"flex-basis:48%\">\n<div class=\"borderdestaque\">\n<div class=\"destaque\"><small><iframe src=\"https:\/\/www.google.com\/maps\/embed?pb=!1m18!1m12!1m3!1d3661.14670789555!2d-45.063336485024934!3d-23.41906698475367!2m3!1f0!2f0!3f0!3m2!1i1024!2i768!4f13.1!3m3!1m2!1s0x94cd538f292f12d3%3A0xb9e569ca5e53fcf6!2sAv.%20Gov.%20Abreu%20Sodr%C3%A9%2C%201067%20-%20Perequ%C3%AA-Acu%2C%20Ubatuba%20-%20SP%2C%2011695-240!5e0!3m2!1spt-BR!2sbr!4v1688154070621!5m2!1spt-BR!2sbr\" width=\"100%\" height=\"380\" style=\"border:0;\" allowfullscreen=\"\" loading=\"lazy\" referrerpolicy=\"no-referrer-when-downgrade\"><\/iframe><\/small>\n<\/div><\/div>\n<br>\n<style>\n.has-small-font-size { padding-top: 25px; padding-bottom: 0px; margin-bottom: 0px;}\nsmall { font-weight: bold; color: #000; } <\/style>\n\n\n\n<p class=\"has-vivid-cyan-blue-color has-text-color has-small-font-size\"><strong>Endere\u00e7o:<\/strong><\/p>\n\n\n<small>Av. Governador Abreu Sodr\u00e9 1067, Perequ\u00ea-A\u00e7\u00fa - Ubatuba-SP<br>CEP: 11.695-240<\/small>\n\n\n\n<div class=\"wp-block-columns is-layout-flex wp-container-core-columns-is-layout-9d6595d7 wp-block-columns-is-layout-flex\">\n<div class=\"wp-block-column is-layout-flow wp-block-column-is-layout-flow\" style=\"flex-basis:50%\">\n<p class=\"has-vivid-cyan-blue-color has-text-color has-small-font-size\"><strong>Telefone:<\/strong><\/p>\n\n\n<small>(12) 3833 4863<\/small>\n<\/div>\n\n\n\n<div class=\"wp-block-column has-white-color has-text-color is-layout-flow wp-block-column-is-layout-flow\" style=\"flex-basis:50%\">\n<p class=\"has-vivid-cyan-blue-color has-text-color has-small-font-size\"><strong>Fax:<\/strong><\/p>\n\n\n<small>(12) 3833 5753<\/small>\n<\/div>\n<\/div>\n\n\n\n<div class=\"wp-block-columns is-layout-flex wp-container-core-columns-is-layout-9d6595d7 wp-block-columns-is-layout-flex\">\n<div class=\"wp-block-column is-layout-flow wp-block-column-is-layout-flow\">\n<p class=\"has-vivid-cyan-blue-color has-text-color has-small-font-size\"><strong>E-mail:<\/strong><\/p>\n\n\n<small>contato@institutoargonauta.org.br<\/small>\n<\/div>\n<\/div>\n<\/div>\n<\/div>\n\n\n\n<div class=\"wpcf7 no-js\" id=\"wpcf7-f5500-o2\" lang=\"pt-BR\" dir=\"ltr\" data-wpcf7-id=\"5500\">\n<div class=\"screen-reader-response\"><p role=\"status\" aria-live=\"polite\" aria-atomic=\"true\"><\/p> <ul><\/ul><\/div>\n<form action=\"\/new\/wp-json\/wp\/v2\/pages\/32#wpcf7-f5500-o2\" method=\"post\" class=\"wpcf7-form init\" aria-label=\"Formul\u00e1rios de contato\" novalidate=\"novalidate\" data-status=\"init\">\n<fieldset class=\"hidden-fields-container\"><input type=\"hidden\" name=\"_wpcf7\" value=\"5500\" \/><input type=\"hidden\" name=\"_wpcf7_version\" value=\"6.1.1\" \/><input type=\"hidden\" name=\"_wpcf7_locale\" value=\"pt_BR\" \/><input type=\"hidden\" name=\"_wpcf7_unit_tag\" value=\"wpcf7-f5500-o2\" \/><input type=\"hidden\" name=\"_wpcf7_container_post\" value=\"0\" \/><input type=\"hidden\" name=\"_wpcf7_posted_data_hash\" value=\"\" \/>\n<\/fieldset>\n\n<h2><span>Newsletter<\/span>\n<\/h2>\n<center>\n\t<p>Cadastre-se e receba novidades sobre o o Instituto Argonauta.\n\t<\/p>\n\t<div class=\"form-inline\">\n\t\t<div class=\"input-group\">\n\t\t\t<p><span class=\"wpcf7-form-control-wrap\" data-name=\"your-name\"><input size=\"40\" maxlength=\"400\" class=\"wpcf7-form-control wpcf7-text wpcf7-validates-as-required form-control newshome\" aria-required=\"true\" aria-invalid=\"false\" placeholder=\"Nome\" value=\"\" type=\"text\" name=\"your-name\" \/><\/span><span class=\"wpcf7-form-control-wrap\" data-name=\"your-email\"><input size=\"40\" maxlength=\"400\" class=\"wpcf7-form-control wpcf7-email wpcf7-validates-as-required wpcf7-text wpcf7-validates-as-email form-control newshome\" aria-required=\"true\" aria-invalid=\"false\" placeholder=\"E-mail\" value=\"\" type=\"email\" name=\"your-email\" \/><\/span><span class=\"wpcf7-form-control-wrap\" data-name=\"your-phone\"><input size=\"40\" maxlength=\"400\" class=\"wpcf7-form-control wpcf7-text form-control newshome\" aria-invalid=\"false\" placeholder=\"Telefone\" value=\"\" type=\"text\" name=\"your-phone\" \/><\/span><input class=\"wpcf7-form-control wpcf7-submit has-spinner btn btn-default\" type=\"submit\" value=\"Enviar\" \/>\n\t\t\t<\/p>\n\t\t\t<p><small>Ao se cadastrar voc\u00ea concorda com os <a href=\"https:\/\/institutoargonauta.org\/new\/politica-de-privacidade\/\"target=\"_blank\">termos de uso e pol\u00edtica de privacidade<\/a> da organiza\u00e7\u00e3o<\/small>\n\t\t\t<\/p>\n\t\t<\/div>\n\t<\/div>\n<\/center><div class=\"wpcf7-response-output\" aria-hidden=\"true\"><\/div>\n<\/form>\n<\/div>\n\n\n\n\n<p><\/p>\n","protected":false},"excerpt":{"rendered":"<p>Preencha os campos abaixo, que logo nossa equipe entrar\u00e1 em contato com voc\u00ea:<\/p>\n<p>.has-small-font-size { padding-top: 25px; padding-bottom: 0px; margin-bottom: 0px;}<br \/>\nsmall &#8230;<\/p>\n","protected":false},"author":1,"featured_media":0,"parent":0,"menu_order":0,"comment_status":"closed","ping_status":"closed","template":"","meta":{"_acf_changed":false,"footnotes":""},"class_list":["post-32","page","type-page","status-publish","hentry"],"acf":[],"yoast_head":"<!-- This site is optimized with the Yoast SEO plugin v22.8 - https:\/\/yoast.com\/wordpress\/plugins\/seo\/ -->\n<title>Fale Conosco - Instituto Argonauta<\/title>\n<meta name=\"robots\" content=\"index, follow, max-snippet:-1, max-image-preview:large, max-video-preview:-1\" \/>\n<link rel=\"canonical\" href=\"https:\/\/institutoargonauta.org\/new\/fale-conosco\/\" \/>\n<meta property=\"og:locale\" content=\"pt_BR\" \/>\n<meta property=\"og:type\" content=\"article\" \/>\n<meta property=\"og:title\" content=\"Fale Conosco - Instituto Argonauta\" \/>\n<meta property=\"og:description\" content=\"Preencha os campos abaixo, que logo nossa equipe entrar\u00e1 em contato com voc\u00ea:          .has-small-font-size { padding-top: 25px; padding-bottom: 0px; margin-bottom: 0px;} small ...\" \/>\n<meta property=\"og:url\" content=\"https:\/\/institutoargonauta.org\/new\/fale-conosco\/\" \/>\n<meta property=\"og:site_name\" content=\"Instituto Argonauta\" \/>\n<meta property=\"article:publisher\" content=\"https:\/\/facebook.com\/InstitutoArgonauta\" \/>\n<meta property=\"article:modified_time\" content=\"2024-03-21T18:22:56+00:00\" \/>\n<meta property=\"og:image\" content=\"https:\/\/institutoargonauta.org\/new\/wp-content\/uploads\/2023\/01\/logo-argonauta-OK2022-e1674472323190.png\" \/>\n\t<meta property=\"og:image:width\" content=\"250\" \/>\n\t<meta property=\"og:image:height\" content=\"249\" \/>\n\t<meta property=\"og:image:type\" content=\"image\/png\" \/>\n<meta name=\"twitter:card\" content=\"summary_large_image\" \/>\n<meta name=\"twitter:label1\" content=\"Est. tempo de leitura\" \/>\n\t<meta name=\"twitter:data1\" content=\"1 minuto\" \/>\n<script type=\"application\/ld+json\" class=\"yoast-schema-graph\">{\"@context\":\"https:\/\/schema.org\",\"@graph\":[{\"@type\":\"WebPage\",\"@id\":\"https:\/\/institutoargonauta.org\/new\/fale-conosco\/\",\"url\":\"https:\/\/institutoargonauta.org\/new\/fale-conosco\/\",\"name\":\"Fale Conosco - Instituto Argonauta\",\"isPartOf\":{\"@id\":\"https:\/\/institutoargonauta.org\/new\/#website\"},\"datePublished\":\"2022-06-13T14:53:32+00:00\",\"dateModified\":\"2024-03-21T18:22:56+00:00\",\"inLanguage\":\"pt-BR\",\"potentialAction\":[{\"@type\":\"ReadAction\",\"target\":[\"https:\/\/institutoargonauta.org\/new\/fale-conosco\/\"]}]},{\"@type\":\"WebSite\",\"@id\":\"https:\/\/institutoargonauta.org\/new\/#website\",\"url\":\"https:\/\/institutoargonauta.org\/new\/\",\"name\":\"Instituto Argonauta\",\"description\":\"Ubatuba-SP\",\"publisher\":{\"@id\":\"https:\/\/institutoargonauta.org\/new\/#organization\"},\"alternateName\":\"Argonauta\",\"potentialAction\":[{\"@type\":\"SearchAction\",\"target\":{\"@type\":\"EntryPoint\",\"urlTemplate\":\"https:\/\/institutoargonauta.org\/new\/?s={search_term_string}\"},\"query-input\":\"required name=search_term_string\"}],\"inLanguage\":\"pt-BR\"},{\"@type\":\"Organization\",\"@id\":\"https:\/\/institutoargonauta.org\/new\/#organization\",\"name\":\"Instituto Argonauta\",\"alternateName\":\"Argonauta\",\"url\":\"https:\/\/institutoargonauta.org\/new\/\",\"logo\":{\"@type\":\"ImageObject\",\"inLanguage\":\"pt-BR\",\"@id\":\"https:\/\/institutoargonauta.org\/new\/#\/schema\/logo\/image\/\",\"url\":\"https:\/\/institutoargonauta.org\/new\/wp-content\/uploads\/2023\/01\/logo-argonauta-OK2022-e1674472323190.png\",\"contentUrl\":\"https:\/\/institutoargonauta.org\/new\/wp-content\/uploads\/2023\/01\/logo-argonauta-OK2022-e1674472323190.png\",\"width\":250,\"height\":249,\"caption\":\"Instituto Argonauta\"},\"image\":{\"@id\":\"https:\/\/institutoargonauta.org\/new\/#\/schema\/logo\/image\/\"},\"sameAs\":[\"https:\/\/facebook.com\/InstitutoArgonauta\",\"https:\/\/instagram.com\/InstitutoArgonauta\",\"https:\/\/www.youtube.com\/c\/InstitutoArgonauta\"]}]}<\/script>\n<!-- \/ Yoast SEO plugin. -->","yoast_head_json":{"title":"Fale Conosco - Instituto Argonauta","robots":{"index":"index","follow":"follow","max-snippet":"max-snippet:-1","max-image-preview":"max-image-preview:large","max-video-preview":"max-video-preview:-1"},"canonical":"https:\/\/institutoargonauta.org\/new\/fale-conosco\/","og_locale":"pt_BR","og_type":"article","og_title":"Fale Conosco - Instituto Argonauta","og_description":"Preencha os campos abaixo, que logo nossa equipe entrar\u00e1 em contato com voc\u00ea:          .has-small-font-size { padding-top: 25px; padding-bottom: 0px; margin-bottom: 0px;} small ...","og_url":"https:\/\/institutoargonauta.org\/new\/fale-conosco\/","og_site_name":"Instituto Argonauta","article_publisher":"https:\/\/facebook.com\/InstitutoArgonauta","article_modified_time":"2024-03-21T18:22:56+00:00","og_image":[{"width":250,"height":249,"url":"https:\/\/institutoargonauta.org\/new\/wp-content\/uploads\/2023\/01\/logo-argonauta-OK2022-e1674472323190.png","type":"image\/png"}],"twitter_card":"summary_large_image","twitter_misc":{"Est. tempo de leitura":"1 minuto"},"schema":{"@context":"https:\/\/schema.org","@graph":[{"@type":"WebPage","@id":"https:\/\/institutoargonauta.org\/new\/fale-conosco\/","url":"https:\/\/institutoargonauta.org\/new\/fale-conosco\/","name":"Fale Conosco - Instituto Argonauta","isPartOf":{"@id":"https:\/\/institutoargonauta.org\/new\/#website"},"datePublished":"2022-06-13T14:53:32+00:00","dateModified":"2024-03-21T18:22:56+00:00","inLanguage":"pt-BR","potentialAction":[{"@type":"ReadAction","target":["https:\/\/institutoargonauta.org\/new\/fale-conosco\/"]}]},{"@type":"WebSite","@id":"https:\/\/institutoargonauta.org\/new\/#website","url":"https:\/\/institutoargonauta.org\/new\/","name":"Instituto Argonauta","description":"Ubatuba-SP","publisher":{"@id":"https:\/\/institutoargonauta.org\/new\/#organization"},"alternateName":"Argonauta","potentialAction":[{"@type":"SearchAction","target":{"@type":"EntryPoint","urlTemplate":"https:\/\/institutoargonauta.org\/new\/?s={search_term_string}"},"query-input":"required name=search_term_string"}],"inLanguage":"pt-BR"},{"@type":"Organization","@id":"https:\/\/institutoargonauta.org\/new\/#organization","name":"Instituto Argonauta","alternateName":"Argonauta","url":"https:\/\/institutoargonauta.org\/new\/","logo":{"@type":"ImageObject","inLanguage":"pt-BR","@id":"https:\/\/institutoargonauta.org\/new\/#\/schema\/logo\/image\/","url":"https:\/\/institutoargonauta.org\/new\/wp-content\/uploads\/2023\/01\/logo-argonauta-OK2022-e1674472323190.png","contentUrl":"https:\/\/institutoargonauta.org\/new\/wp-content\/uploads\/2023\/01\/logo-argonauta-OK2022-e1674472323190.png","width":250,"height":249,"caption":"Instituto Argonauta"},"image":{"@id":"https:\/\/institutoargonauta.org\/new\/#\/schema\/logo\/image\/"},"sameAs":["https:\/\/facebook.com\/InstitutoArgonauta","https:\/\/instagram.com\/InstitutoArgonauta","https:\/\/www.youtube.com\/c\/InstitutoArgonauta"]}]}},"_links":{"self":[{"href":"https:\/\/institutoargonauta.org\/new\/wp-json\/wp\/v2\/pages\/32","targetHints":{"allow":["GET"]}}],"collection":[{"href":"https:\/\/institutoargonauta.org\/new\/wp-json\/wp\/v2\/pages"}],"about":[{"href":"https:\/\/institutoargonauta.org\/new\/wp-json\/wp\/v2\/types\/page"}],"author":[{"embeddable":true,"href":"https:\/\/institutoargonauta.org\/new\/wp-json\/wp\/v2\/users\/1"}],"replies":[{"embeddable":true,"href":"https:\/\/institutoargonauta.org\/new\/wp-json\/wp\/v2\/comments?post=32"}],"version-history":[{"count":23,"href":"https:\/\/institutoargonauta.org\/new\/wp-json\/wp\/v2\/pages\/32\/revisions"}],"predecessor-version":[{"id":6965,"href":"https:\/\/institutoargonauta.org\/new\/wp-json\/wp\/v2\/pages\/32\/revisions\/6965"}],"wp:attachment":[{"href":"https:\/\/institutoargonauta.org\/new\/wp-json\/wp\/v2\/media?parent=32"}],"curies":[{"name":"wp","href":"https:\/\/api.w.org\/{rel}","templated":true}]}}