{"id":27,"date":"2022-06-13T11:52:29","date_gmt":"2022-06-13T14:52:29","guid":{"rendered":"https:\/\/institutoargonauta.org\/new\/?page_id=27"},"modified":"2025-10-09T08:02:54","modified_gmt":"2025-10-09T11:02:54","slug":"programa-de-estagio","status":"publish","type":"page","link":"https:\/\/institutoargonauta.org\/new\/programa-de-estagio\/","title":{"rendered":"Programa de Est\u00e1gio"},"content":{"rendered":"\n<div class=\"wp-block-columns is-layout-flex wp-container-core-columns-is-layout-9d6595d7 wp-block-columns-is-layout-flex\">\n<div class=\"wp-block-column is-layout-flow wp-block-column-is-layout-flow\" style=\"flex-basis:66.66%\">\n<p>O Instituto Argonauta oferece o Programa de Est\u00e1gio para estudantes dos cursos de Ci\u00eancias Biol\u00f3gicas, Medicina Veterin\u00e1ria, Oceanografia, Engenharia de Pesca, Gest\u00e3o Ambiental, Engenharia Ambiental e Turismo. Com dura\u00e7\u00e3o m\u00ednima de 30 dias, o est\u00e1gio auxilia os estudantes na capacita\u00e7\u00e3o acad\u00eamica e no desenvolvimento de atividades direcionadas \u00e0 educa\u00e7\u00e3o ambiental e \u00e0 preserva\u00e7\u00e3o dos ecossistemas costeiros e marinhos do litoral norte de S\u00e3o Paulo. As vagas de est\u00e1gio s\u00e3o oferecidas para a base em Ubatuba\/SP e para o centro de estabiliza\u00e7\u00e3o de S\u00e3o Sebasti\u00e3o.<\/p>\n\n\n\n<p>O Instituto possui conv\u00eanio e protocolos de coopera\u00e7\u00e3o t\u00e9cnico-cient\u00edfica com cerca de 90 institui\u00e7\u00f5es universit\u00e1rias, entre p\u00fablicas e particulares, nacionais e internacionais, permitindo a capacita\u00e7\u00e3o profissional de estagi\u00e1rios, realiza\u00e7\u00e3o de monografias de conclus\u00e3o de curso e apoio \u00e0s teses e publica\u00e7\u00f5es.<\/p>\n<\/div>\n\n\n\n<div class=\"wp-block-column is-layout-flow wp-block-column-is-layout-flow\" style=\"flex-basis:33.33%\">\n<figure class=\"wp-block-image size-large\"><img loading=\"lazy\" decoding=\"async\" width=\"1024\" height=\"768\" src=\"https:\/\/institutoargonauta.org\/new\/wp-content\/uploads\/2023\/06\/20210818_165519_IA12248-1-1-1024x768.jpg\" alt=\"\" class=\"wp-image-6790\" srcset=\"https:\/\/institutoargonauta.org\/new\/wp-content\/uploads\/2023\/06\/20210818_165519_IA12248-1-1-1024x768.jpg 1024w, https:\/\/institutoargonauta.org\/new\/wp-content\/uploads\/2023\/06\/20210818_165519_IA12248-1-1-300x225.jpg 300w, https:\/\/institutoargonauta.org\/new\/wp-content\/uploads\/2023\/06\/20210818_165519_IA12248-1-1-768x576.jpg 768w, https:\/\/institutoargonauta.org\/new\/wp-content\/uploads\/2023\/06\/20210818_165519_IA12248-1-1-1536x1152.jpg 1536w, https:\/\/institutoargonauta.org\/new\/wp-content\/uploads\/2023\/06\/20210818_165519_IA12248-1-1.jpg 2000w\" sizes=\"auto, (max-width: 1024px) 100vw, 1024px\" \/><\/figure>\n<\/div>\n<\/div>\n\n\n\n<div class=\"wp-block-columns is-layout-flex wp-container-core-columns-is-layout-9d6595d7 wp-block-columns-is-layout-flex\">\n<div class=\"wp-block-column is-layout-flow wp-block-column-is-layout-flow\" style=\"flex-basis:100%\">\n<div class=\"wp-block-columns is-layout-flex wp-container-core-columns-is-layout-9d6595d7 wp-block-columns-is-layout-flex\">\n<div class=\"wp-block-column is-layout-flow wp-block-column-is-layout-flow\">\n<figure class=\"wp-block-image size-full is-resized\"><a href=\"https:\/\/institutoargonauta.org\/new\/cadastro-estagio\/\"><img loading=\"lazy\" decoding=\"async\" width=\"530\" height=\"171\" src=\"https:\/\/institutoargonauta.org\/new\/wp-content\/uploads\/2022\/06\/bt-estagio.png\" alt=\"\" class=\"wp-image-5759\" style=\"width:374px;height:121px\" srcset=\"https:\/\/institutoargonauta.org\/new\/wp-content\/uploads\/2022\/06\/bt-estagio.png 530w, https:\/\/institutoargonauta.org\/new\/wp-content\/uploads\/2022\/06\/bt-estagio-300x97.png 300w\" sizes=\"auto, (max-width: 530px) 100vw, 530px\" \/><\/a><\/figure>\n<\/div>\n\n\n\n<div class=\"wp-block-column is-layout-flow wp-block-column-is-layout-flow\">\n<p class=\"has-text-align-center\"><strong>Divulga\u00e7\u00e3o dos Selecionados<\/strong>:<\/p>\n\n\n\n<div class=\"wp-block-columns is-layout-flex wp-container-core-columns-is-layout-9d6595d7 wp-block-columns-is-layout-flex\">\n<div class=\"wp-block-column is-layout-flow wp-block-column-is-layout-flow\">\n<button type=\"button\" class=\"btn btn-primary btn-lg\" data-toggle=\"modal\" data-target=\"#myModalUbatuba\">\nUbatuba\n<\/button>\n<\/div>\n\n\n\n<div class=\"wp-block-column is-layout-flow wp-block-column-is-layout-flow\">\n<button type=\"button\" class=\"btn btn-primary btn-lg\" data-toggle=\"modal\" data-target=\"#myModalSSB\">\nS\u00e3o Sebasti\u00e3o\n<\/button>\n<\/div>\n<\/div>\n<\/div>\n<\/div>\n\n\n\n<p><br><strong>Confira mais abaixo todas as informa\u00e7\u00f5es que voc\u00ea precisa saber para se tornar um estagi\u00e1rio aqui no Instituto Argonauta:<\/strong><\/p>\n<\/div>\n<\/div>\n\n\n\n<div class=\"panel-group\" id=\"accordion\" role=\"tablist\" aria-multiselectable=\"true\">\n  <div class=\"panel panel-default\">\n    <div class=\"panel-heading\" role=\"tab\" id=\"headingOne\">\n      <h4 class=\"panel-title\">\n        <a role=\"button\" data-toggle=\"collapse\" data-parent=\"#accordion\" href=\"#collapseOne\" aria-expanded=\"false\" aria-controls=\"collapseOne\">\n        <span> Locais pra realizar est\u00e1gio<\/span>\n<small>Clique para deslizar as informa\u00e7\u00f5es<\/small>\n        <\/a>\n      <\/h4>\n    <\/div>\n    <div id=\"collapseOne\" class=\"panel-collapse collapse\" role=\"tabpanel\" aria-labelledby=\"headingOne\">\n      <div class=\"panel-body\">\n       <ul>\n<li>Centro de Reabilita\u00e7\u00e3o e Despetroliza\u00e7\u00e3o \u2013 Ubatuba\/SP<\/li>\n<li>&nbsp;Base de Estabiliza\u00e7\u00e3o \u2013 S\u00e3o Sebasti\u00e3o\/SP<\/li>\n<\/ul>\n      <\/div>\n    <\/div>\n  <\/div>\n  <div class=\"panel panel-default\">\n    <div class=\"panel-heading\" role=\"tab\" id=\"headingTwo\">\n      <h4 class=\"panel-title\">\n        <a class=\"collapsed\" role=\"button\" data-toggle=\"collapse\" data-parent=\"#accordion\" href=\"#collapseTwo\" aria-expanded=\"false\" aria-controls=\"collapseTwo\">\n          <span> Atividades desenvolvidas<\/span>\n<small>Clique para deslizar as informa\u00e7\u00f5es<\/small>\n        <\/a>\n      <\/h4>\n    <\/div>\n    <div id=\"collapseTwo\" class=\"panel-collapse collapse\" role=\"tabpanel\" aria-labelledby=\"headingTwo\">\n      <div class=\"panel-body\">\n        <ul>\n<li>Resgate de animais aqu\u00e1ticos;<\/li>\n<li>Atendimento e tratamento da fauna resgatada;<\/li>\n<li>Prepara\u00e7\u00e3o da alimenta\u00e7\u00e3o dos animais atendidos;<\/li>\n<li>Manuten\u00e7\u00e3o da quarentena e recintos dos animais;<\/li>\n<li>Manuten\u00e7\u00e3o e controle de qualidade f\u00edsico-qu\u00edmica da \u00e1gua dos tanques dos recintos dos animais;<\/li>\n<li>Participa\u00e7\u00e3o de procedimentos cir\u00fargicos dos animais em reabilita\u00e7\u00e3o;<\/li>\n<li>Participa\u00e7\u00e3o de necropsia para diagn\u00f3stico presuntivo da causa mortis;<\/li>\n<li>Organiza\u00e7\u00e3o de dados;<\/li>\n<li>Educa\u00e7\u00e3o ambiental no local de resgate e nas atividades desenvolvidas pela institui\u00e7\u00e3o;<\/li>\n<li>Desenvolvimento de pesquisas e atividades voltadas \u00e0 preserva\u00e7\u00e3o dos ecossistemas costeiros e marinhos na regi\u00e3o do litoral norte de S\u00e3o Paulo;<\/li>\n<li>Demais atividades relativas \u00e0s \u00e1reas de Educa\u00e7\u00e3o Ambiental, Medicina Veterin\u00e1ria, Oceanografia e Biologia.<\/li>\n<\/ul>\n      <\/div>\n    <\/div>\n  <\/div>\n  <div class=\"panel panel-default\">\n    <div class=\"panel-heading\" role=\"tab\" id=\"headingThree\">\n      <h4 class=\"panel-title\">\n        <a class=\"collapsed\" role=\"button\" data-toggle=\"collapse\" data-parent=\"#accordion\" href=\"#collapseThree\" aria-expanded=\"false\" aria-controls=\"collapseThree\">\n         <span> Pr\u00e9-requisitos<\/span>\n<small>Clique para deslizar as informa\u00e7\u00f5es<\/small>\n        <\/a>\n      <\/h4>\n    <\/div>\n    <div id=\"collapseThree\" class=\"panel-collapse collapse\" role=\"tabpanel\" aria-labelledby=\"headingThree\">\n      <div class=\"panel-body\">\n      <ul>\n<li>Cursar o ensino superior (no m\u00ednimo finalizado o segundo per\u00edodo de gradua\u00e7\u00e3o \/1\u00ba ano);<\/li>\n<li>Tempo m\u00ednimo de 30 dias para o est\u00e1gio;<\/li>\n<li>Ter disposi\u00e7\u00e3o para o atendimento ao p\u00fablico;<\/li>\n<li>Facilidade de trabalhar em equipe;<\/li>\n<li>Disposi\u00e7\u00e3o para trabalhar fora dos hor\u00e1rios convencionais;<\/li>\n<li>Conhecimento, no m\u00ednimo intermedi\u00e1rio, dos idiomas: ingl\u00eas e\/ou espanhol;<\/li>\n<li>Criatividade e boa vontade.<\/li>\n<\/ul>\n<p>O est\u00e1gio \u00e9 oferecido em todos os meses do ano, por per\u00edodos m\u00ednimos de 30 dias, com uma folga semanal. Obedece a escala de hor\u00e1rios e locais de trabalho de acordo com as necessidades do trabalho.<\/p>\n      <\/div>\n    <\/div>\n  <\/div>\n\n <div class=\"panel panel-default\">\n    <div class=\"panel-heading\" role=\"tab\" id=\"headingn\">\n      <h4 class=\"panel-title\">\n        <a class=\"collapsed\" role=\"button\" data-toggle=\"collapse\" data-parent=\"#accordion\" href=\"#collapsen\" aria-expanded=\"false\" aria-controls=\"collapsen\">\n        <span>Documenta\u00e7\u00e3o necess\u00e1ria<\/span>\n<small>Clique para deslizar as informa\u00e7\u00f5es<\/small>\n        <\/a>\n      <\/h4>\n    <\/div>\n    <div id=\"collapsen\" class=\"panel-collapse collapse\" role=\"tabpanel\" aria-labelledby=\"headingn\">\n      <div class=\"panel-body\">\n    \n<p>&#8211; Curr\u00edculo atualizado<br>\n&#8211; 2 Cartas de recomenda\u00e7\u00e3o<\/p>\n      <\/div>\n    <\/div>\n  <\/div>\n <div class=\"panel panel-default\">\n    <div class=\"panel-heading\" role=\"tab\" id=\"heading4\">\n      <h4 class=\"panel-title\">\n        <a class=\"collapsed\" role=\"button\" data-toggle=\"collapse\" data-parent=\"#accordion\" href=\"#collapse4\" aria-expanded=\"false\" aria-controls=\"collapse4\">\n        <span>  Cronograma para envio de curr\u00edculo<\/span>\n<small>Clique para deslizar as informa\u00e7\u00f5es<\/small>\n        <\/a>\n      <\/h4>\n    <\/div>\n    <div id=\"collapse4\" class=\"panel-collapse collapse\" role=\"tabpanel\" aria-labelledby=\"heading4\">\n      <div class=\"panel-body\">\n    \n<table border=\"1\" width=\"326\" cellspacing=\"0\" cellpadding=\"0\">\n<tbody>\n<tr>\n<td width=\"148\"><strong>Para est\u00e1gio em<\/strong><\/td>\n<td width=\"172\"><strong>Data limite<\/strong><\/td>\n<\/tr>\n<tr>\n<td valign=\"top\" width=\"148\">Junho\/ Julho<\/td>\n<td valign=\"top\" width=\"172\">15 de Abril<\/td>\n<\/tr>\n<tr>\n<td valign=\"top\" width=\"148\">Dezembro<\/td>\n<td valign=\"top\" width=\"172\">15 de Setembro<\/td>\n<\/tr>\n<tr>\n<td valign=\"top\" width=\"148\">Janeiro<\/td>\n<td valign=\"top\" width=\"172\">15 de Setembro<\/td>\n<\/tr>\n<tr>\n<td valign=\"top\" width=\"148\">Fevereiro<\/td>\n<td valign=\"top\" width=\"172\">15 de Setembro<\/td>\n<\/tr>\n<\/tbody>\n<\/table>\n<p>Os candidatos s\u00e3o escolhidos ap\u00f3s an\u00e1lise e triagem dos curr\u00edculos e depois ser\u00e1 levado em considera\u00e7\u00e3o:<\/p>\n<b>ETAPA 1<\/b>\n<ul>\n<li>Cumprimento dos prazos de entrega da solicita\u00e7\u00e3o de est\u00e1gio<\/li>\n<li>Clareza nas informa\u00e7\u00f5es do curr\u00edculo<\/li>\n<li>Cumprimento dos pr\u00e9-requisitos.<\/li>\n<\/ul>\n<b>ETAPA 2<\/b>\n<ul>\n<li><b>Cumprimento dos prazos da devolu\u00e7\u00e3o do question\u00e1rio, envio da carta de recomenda\u00e7\u00e3o e demais informa\u00e7\u00f5es complementares solicitadas<\/b><\/li>\n<li>Interesse e disponibilidade (cumprimento de 30 dias m\u00ednimos)<\/li>\n<li>Afinidade com a \u00e1rea de Educa\u00e7\u00e3o Ambiental<\/li>\n<li>Disponibilidade do alojamento<\/li>\n<li>Recept\u00edvel aos contatos.<\/li>\n<\/ul>\n      <\/div>\n    <\/div>\n  <\/div>\n\n <div class=\"panel panel-default\">\n    <div class=\"panel-heading\" role=\"tab\" id=\"heading5\">\n      <h4 class=\"panel-title\">\n        <a class=\"collapsed\" role=\"button\" data-toggle=\"collapse\" data-parent=\"#accordion\" href=\"#collapse5\" aria-expanded=\"false\" aria-controls=\"collapse5\">\n       <span> O que o est\u00e1gio oferece<\/span>\n<small>Clique para deslizar as informa\u00e7\u00f5es<\/small>\n        <\/a>\n      <\/h4>\n    <\/div>\n    <div id=\"collapse5\" class=\"panel-collapse collapse\" role=\"tabpanel\" aria-labelledby=\"heading5\">\n      <div class=\"panel-body\">\n    \n<p>Alojamento, seguro de vida e acidentes pessoais para o per\u00edodo de est\u00e1gio.<\/p>\n\n<p>As despesas referentes a transporte, alimenta\u00e7\u00e3o, entre outras s\u00e3o custeadas pelos estagi\u00e1rios e volunt\u00e1rios.<\/p>\n      <\/div>\n    <\/div>\n  <\/div>\n\n\n <div class=\"panel panel-default\">\n    <div class=\"panel-heading\" role=\"tab\" id=\"heading6\">\n      <h4 class=\"panel-title\">\n        <a class=\"collapsed\" role=\"button\" data-toggle=\"collapse\" data-parent=\"#accordion\" href=\"#collapse6\" aria-expanded=\"false\" aria-controls=\"collapse6\">\n        <span>D\u00favidas frequentes<\/span>\n<small>Clique para deslizar as informa\u00e7\u00f5es<\/small>\n        <\/a>\n      <\/h4>\n    <\/div>\n    <div id=\"collapse6\" class=\"panel-collapse collapse\" role=\"tabpanel\" aria-labelledby=\"heading6\">\n      <div class=\"panel-body\">\n    \n<p><b>1. J\u00e1 sou formado, ainda assim posso ser volunt\u00e1rio?<\/b><br>\n\nR: Aceitamos os volunt\u00e1rios j\u00e1 formados, mas nossa prioridade s\u00e3o os estudantes com v\u00ednculo com as universidades.<\/p>\n\n<p><b>2. Voc\u00eas s\u00f3 aceitam estudantes cuja a Faculdade j\u00e1 tenha v\u00ednculo formal com o Instituto?<\/b><br>\n\nR: O v\u00ednculo com a Universidade \u00e9 formalizado durante o processo de sele\u00e7\u00e3o, uma vez que sejam recebidos os termos necess\u00e1rios.<\/p>\n\n<p><b>3. Em qual momento envio a minha carta de recomenda\u00e7\u00e3o?<\/b><br>\n\nR: As cartas de recomenda\u00e7\u00f5es ser\u00e3o solicitadas via e-mail, caso o candidato seja selecionado para &#8220;Etapa 2&#8221;.\n<\/p>\n      <\/div>\n    <\/div>\n  <\/div>\n<\/div>\n\n\n\n\n\n\n<!-- Modal -->\n<div class=\"modal fade\" id=\"myModalUbatuba\" tabindex=\"-1\" role=\"dialog\" aria-labelledby=\"myModalLabel\">\n  <div class=\"modal-dialog\" role=\"document\">\n    <div class=\"modal-content\">\n      <div class=\"modal-header\">\n        <button type=\"button\" class=\"close\" data-dismiss=\"modal\" aria-label=\"Close\"><span aria-hidden=\"true\">&times;<\/span><\/button>\n        <h4 class=\"modal-title\" id=\"myModalLabel\">Estagi\u00e1rios selecionados para o <br>Centro de Reabilita\u00e7\u00e3o em Ubatuba:\n<\/h4>\n      <\/div>\n      <div class=\"modal-body\">\n<h2>Julho\/2025<\/h2>\n<ul>\n   <li>Eduarda Fernanda N. da Silva\t<\/li>\n <li>Ana Clara S. Gomes<\/li>\t \n <li>Rafael P. C. de Oliveira <\/li>\n <li>Ana R\u00fabia L. Rocha<\/li>\n<\/ul>\n      <\/div>\n      <div class=\"modal-footer\">\n        <button type=\"button\" class=\"btn btn-default\" data-dismiss=\"modal\">Fechar<\/button>\n      <\/div>\n    <\/div>\n  <\/div>\n<\/div>\n\n\n\n\n\n\n<!-- Modal -->\n<div class=\"modal fade\" id=\"myModalSSB\" tabindex=\"-1\" role=\"dialog\" aria-labelledby=\"myModalLabel\">\n  <div class=\"modal-dialog\" role=\"document\">\n    <div class=\"modal-content\">\n      <div class=\"modal-header\">\n        <button type=\"button\" class=\"close\" data-dismiss=\"modal\" aria-label=\"Close\"><span aria-hidden=\"true\">&times;<\/span><\/button>\n        <h4 class=\"modal-title\" id=\"myModalLabel\">Estagi\u00e1rios selecionados para a <br>Unidade de Estabiliza\u00e7\u00e3o em S\u00e3o Sebasti\u00e3o:\n<\/h4>\n      <\/div>\n      <div class=\"modal-body\">\n<h2>Julho\/2025<\/h2>\n<ul>\n   <li>Anny  Gomes<\/li> \n<li>Marina Memoria <\/li>\n<li>Let\u00edcia O. G. da Silva<\/li>\n<li>Gabriel Cury <\/li>\n\n\n\n<\/ul>\n      <\/div>\n      <div class=\"modal-footer\">\n        <button type=\"button\" class=\"btn btn-default\" data-dismiss=\"modal\">Fechar<\/button>\n      <\/div>\n    <\/div>\n  <\/div>\n<\/div>\n\n\n\n<p><\/p>\n","protected":false},"excerpt":{"rendered":"<p>O Instituto Argonauta oferece o Programa de Est\u00e1gio para estudantes dos cursos de Ci\u00eancias Biol\u00f3gicas, Medicina Veterin\u00e1ria, Oceanografia, Engenharia de &#8230;<\/p>\n","protected":false},"author":1,"featured_media":0,"parent":0,"menu_order":0,"comment_status":"closed","ping_status":"closed","template":"","meta":{"_acf_changed":false,"footnotes":""},"class_list":["post-27","page","type-page","status-publish","hentry"],"acf":[],"yoast_head":"<!-- This site is optimized with the Yoast SEO plugin v22.8 - https:\/\/yoast.com\/wordpress\/plugins\/seo\/ -->\n<title>Programa de Est\u00e1gio - Instituto Argonauta<\/title>\n<meta name=\"robots\" content=\"index, follow, max-snippet:-1, max-image-preview:large, max-video-preview:-1\" \/>\n<link rel=\"canonical\" href=\"https:\/\/institutoargonauta.org\/new\/programa-de-estagio\/\" \/>\n<meta property=\"og:locale\" content=\"pt_BR\" \/>\n<meta property=\"og:type\" content=\"article\" \/>\n<meta property=\"og:title\" content=\"Programa de Est\u00e1gio - Instituto Argonauta\" \/>\n<meta property=\"og:description\" content=\"O Instituto Argonauta oferece o Programa de Est\u00e1gio para estudantes dos cursos de Ci\u00eancias Biol\u00f3gicas, Medicina Veterin\u00e1ria, Oceanografia, Engenharia de ...\" \/>\n<meta property=\"og:url\" content=\"https:\/\/institutoargonauta.org\/new\/programa-de-estagio\/\" \/>\n<meta property=\"og:site_name\" content=\"Instituto Argonauta\" \/>\n<meta property=\"article:publisher\" content=\"https:\/\/facebook.com\/InstitutoArgonauta\" \/>\n<meta property=\"article:modified_time\" content=\"2025-10-09T11:02:54+00:00\" \/>\n<meta property=\"og:image\" content=\"https:\/\/institutoargonauta.org\/new\/wp-content\/uploads\/2023\/06\/20210818_165519_IA12248-1-1-1024x768.jpg\" \/>\n<meta name=\"twitter:card\" content=\"summary_large_image\" \/>\n<meta name=\"twitter:label1\" content=\"Est. tempo de leitura\" \/>\n\t<meta name=\"twitter:data1\" content=\"5 minutos\" \/>\n<script type=\"application\/ld+json\" class=\"yoast-schema-graph\">{\"@context\":\"https:\/\/schema.org\",\"@graph\":[{\"@type\":\"WebPage\",\"@id\":\"https:\/\/institutoargonauta.org\/new\/programa-de-estagio\/\",\"url\":\"https:\/\/institutoargonauta.org\/new\/programa-de-estagio\/\",\"name\":\"Programa de Est\u00e1gio - Instituto Argonauta\",\"isPartOf\":{\"@id\":\"https:\/\/institutoargonauta.org\/new\/#website\"},\"primaryImageOfPage\":{\"@id\":\"https:\/\/institutoargonauta.org\/new\/programa-de-estagio\/#primaryimage\"},\"image\":{\"@id\":\"https:\/\/institutoargonauta.org\/new\/programa-de-estagio\/#primaryimage\"},\"thumbnailUrl\":\"https:\/\/institutoargonauta.org\/new\/wp-content\/uploads\/2023\/06\/20210818_165519_IA12248-1-1-1024x768.jpg\",\"datePublished\":\"2022-06-13T14:52:29+00:00\",\"dateModified\":\"2025-10-09T11:02:54+00:00\",\"inLanguage\":\"pt-BR\",\"potentialAction\":[{\"@type\":\"ReadAction\",\"target\":[\"https:\/\/institutoargonauta.org\/new\/programa-de-estagio\/\"]}]},{\"@type\":\"ImageObject\",\"inLanguage\":\"pt-BR\",\"@id\":\"https:\/\/institutoargonauta.org\/new\/programa-de-estagio\/#primaryimage\",\"url\":\"https:\/\/institutoargonauta.org\/new\/wp-content\/uploads\/2023\/06\/20210818_165519_IA12248-1-1.jpg\",\"contentUrl\":\"https:\/\/institutoargonauta.org\/new\/wp-content\/uploads\/2023\/06\/20210818_165519_IA12248-1-1.jpg\",\"width\":2000,\"height\":1500},{\"@type\":\"WebSite\",\"@id\":\"https:\/\/institutoargonauta.org\/new\/#website\",\"url\":\"https:\/\/institutoargonauta.org\/new\/\",\"name\":\"Instituto Argonauta\",\"description\":\"Ubatuba-SP\",\"publisher\":{\"@id\":\"https:\/\/institutoargonauta.org\/new\/#organization\"},\"alternateName\":\"Argonauta\",\"potentialAction\":[{\"@type\":\"SearchAction\",\"target\":{\"@type\":\"EntryPoint\",\"urlTemplate\":\"https:\/\/institutoargonauta.org\/new\/?s={search_term_string}\"},\"query-input\":\"required name=search_term_string\"}],\"inLanguage\":\"pt-BR\"},{\"@type\":\"Organization\",\"@id\":\"https:\/\/institutoargonauta.org\/new\/#organization\",\"name\":\"Instituto Argonauta\",\"alternateName\":\"Argonauta\",\"url\":\"https:\/\/institutoargonauta.org\/new\/\",\"logo\":{\"@type\":\"ImageObject\",\"inLanguage\":\"pt-BR\",\"@id\":\"https:\/\/institutoargonauta.org\/new\/#\/schema\/logo\/image\/\",\"url\":\"https:\/\/institutoargonauta.org\/new\/wp-content\/uploads\/2023\/01\/logo-argonauta-OK2022-e1674472323190.png\",\"contentUrl\":\"https:\/\/institutoargonauta.org\/new\/wp-content\/uploads\/2023\/01\/logo-argonauta-OK2022-e1674472323190.png\",\"width\":250,\"height\":249,\"caption\":\"Instituto Argonauta\"},\"image\":{\"@id\":\"https:\/\/institutoargonauta.org\/new\/#\/schema\/logo\/image\/\"},\"sameAs\":[\"https:\/\/facebook.com\/InstitutoArgonauta\",\"https:\/\/instagram.com\/InstitutoArgonauta\",\"https:\/\/www.youtube.com\/c\/InstitutoArgonauta\"]}]}<\/script>\n<!-- \/ Yoast SEO plugin. -->","yoast_head_json":{"title":"Programa de Est\u00e1gio - Instituto Argonauta","robots":{"index":"index","follow":"follow","max-snippet":"max-snippet:-1","max-image-preview":"max-image-preview:large","max-video-preview":"max-video-preview:-1"},"canonical":"https:\/\/institutoargonauta.org\/new\/programa-de-estagio\/","og_locale":"pt_BR","og_type":"article","og_title":"Programa de Est\u00e1gio - Instituto Argonauta","og_description":"O Instituto Argonauta oferece o Programa de Est\u00e1gio para estudantes dos cursos de Ci\u00eancias Biol\u00f3gicas, Medicina Veterin\u00e1ria, Oceanografia, Engenharia de ...","og_url":"https:\/\/institutoargonauta.org\/new\/programa-de-estagio\/","og_site_name":"Instituto Argonauta","article_publisher":"https:\/\/facebook.com\/InstitutoArgonauta","article_modified_time":"2025-10-09T11:02:54+00:00","og_image":[{"url":"https:\/\/institutoargonauta.org\/new\/wp-content\/uploads\/2023\/06\/20210818_165519_IA12248-1-1-1024x768.jpg"}],"twitter_card":"summary_large_image","twitter_misc":{"Est. tempo de leitura":"5 minutos"},"schema":{"@context":"https:\/\/schema.org","@graph":[{"@type":"WebPage","@id":"https:\/\/institutoargonauta.org\/new\/programa-de-estagio\/","url":"https:\/\/institutoargonauta.org\/new\/programa-de-estagio\/","name":"Programa de Est\u00e1gio - Instituto Argonauta","isPartOf":{"@id":"https:\/\/institutoargonauta.org\/new\/#website"},"primaryImageOfPage":{"@id":"https:\/\/institutoargonauta.org\/new\/programa-de-estagio\/#primaryimage"},"image":{"@id":"https:\/\/institutoargonauta.org\/new\/programa-de-estagio\/#primaryimage"},"thumbnailUrl":"https:\/\/institutoargonauta.org\/new\/wp-content\/uploads\/2023\/06\/20210818_165519_IA12248-1-1-1024x768.jpg","datePublished":"2022-06-13T14:52:29+00:00","dateModified":"2025-10-09T11:02:54+00:00","inLanguage":"pt-BR","potentialAction":[{"@type":"ReadAction","target":["https:\/\/institutoargonauta.org\/new\/programa-de-estagio\/"]}]},{"@type":"ImageObject","inLanguage":"pt-BR","@id":"https:\/\/institutoargonauta.org\/new\/programa-de-estagio\/#primaryimage","url":"https:\/\/institutoargonauta.org\/new\/wp-content\/uploads\/2023\/06\/20210818_165519_IA12248-1-1.jpg","contentUrl":"https:\/\/institutoargonauta.org\/new\/wp-content\/uploads\/2023\/06\/20210818_165519_IA12248-1-1.jpg","width":2000,"height":1500},{"@type":"WebSite","@id":"https:\/\/institutoargonauta.org\/new\/#website","url":"https:\/\/institutoargonauta.org\/new\/","name":"Instituto Argonauta","description":"Ubatuba-SP","publisher":{"@id":"https:\/\/institutoargonauta.org\/new\/#organization"},"alternateName":"Argonauta","potentialAction":[{"@type":"SearchAction","target":{"@type":"EntryPoint","urlTemplate":"https:\/\/institutoargonauta.org\/new\/?s={search_term_string}"},"query-input":"required name=search_term_string"}],"inLanguage":"pt-BR"},{"@type":"Organization","@id":"https:\/\/institutoargonauta.org\/new\/#organization","name":"Instituto Argonauta","alternateName":"Argonauta","url":"https:\/\/institutoargonauta.org\/new\/","logo":{"@type":"ImageObject","inLanguage":"pt-BR","@id":"https:\/\/institutoargonauta.org\/new\/#\/schema\/logo\/image\/","url":"https:\/\/institutoargonauta.org\/new\/wp-content\/uploads\/2023\/01\/logo-argonauta-OK2022-e1674472323190.png","contentUrl":"https:\/\/institutoargonauta.org\/new\/wp-content\/uploads\/2023\/01\/logo-argonauta-OK2022-e1674472323190.png","width":250,"height":249,"caption":"Instituto Argonauta"},"image":{"@id":"https:\/\/institutoargonauta.org\/new\/#\/schema\/logo\/image\/"},"sameAs":["https:\/\/facebook.com\/InstitutoArgonauta","https:\/\/instagram.com\/InstitutoArgonauta","https:\/\/www.youtube.com\/c\/InstitutoArgonauta"]}]}},"_links":{"self":[{"href":"https:\/\/institutoargonauta.org\/new\/wp-json\/wp\/v2\/pages\/27","targetHints":{"allow":["GET"]}}],"collection":[{"href":"https:\/\/institutoargonauta.org\/new\/wp-json\/wp\/v2\/pages"}],"about":[{"href":"https:\/\/institutoargonauta.org\/new\/wp-json\/wp\/v2\/types\/page"}],"author":[{"embeddable":true,"href":"https:\/\/institutoargonauta.org\/new\/wp-json\/wp\/v2\/users\/1"}],"replies":[{"embeddable":true,"href":"https:\/\/institutoargonauta.org\/new\/wp-json\/wp\/v2\/comments?post=27"}],"version-history":[{"count":45,"href":"https:\/\/institutoargonauta.org\/new\/wp-json\/wp\/v2\/pages\/27\/revisions"}],"predecessor-version":[{"id":7544,"href":"https:\/\/institutoargonauta.org\/new\/wp-json\/wp\/v2\/pages\/27\/revisions\/7544"}],"wp:attachment":[{"href":"https:\/\/institutoargonauta.org\/new\/wp-json\/wp\/v2\/media?parent=27"}],"curies":[{"name":"wp","href":"https:\/\/api.w.org\/{rel}","templated":true}]}}